{"id":913,"date":"2015-11-25T17:59:54","date_gmt":"2015-11-25T13:59:54","guid":{"rendered":"http:\/\/aura.loc\/o-nas\/"},"modified":"2015-11-25T17:59:54","modified_gmt":"2015-11-25T13:59:54","slug":"o-nas","status":"publish","type":"page","link":"http:\/\/aura-ltd.com.ua\/pl\/o-nas\/","title":{"rendered":"O nas"},"content":{"rendered":"<p>Tovaristvo s obmezhenoyu v\u0456dpov\u0456daln\u0456styu &#8220;Aura&#8221; zasnovane berezn\u0456 w 1994 Roku.<br \/>\nG\u0142\u00f3wne d\u0456yaln\u0456styu TOV &#8220;Aura&#8221; E virobnitstvo Plastycznej virob\u0456v \u017ce sprzeda\u017c Gurtovaya vlasno\u0457 produkts\u0456\u0457.<br \/>\nNa virobnichih \u0142o\u017cyska d\u00f3\u0142 p\u0456dpri\u0454mstva mozhlive vigotovlennya szeroki asortyment produkts\u0456\u0457 s vikoristannyam Vlasnyi prasowe formularze i Takozh s vikoristannyam prasowe formularze nadanih zamovnikom.<br \/>\nProcesy Virobnichy na p\u0456dpri\u0454mstv\u0456 sklada\u0454tsya s protses\u0456v z nast\u0119puj\u0105cych powod\u00f3w:<br \/>\n&#8211; Rozrobka orig\u0456nal-maket\u0456v, kreslen<br \/>\n&#8211; Vigotovlennya presformi<br \/>\n&#8211; P\u0456dgotovka mater\u0456alu<br \/>\n&#8211; Vigotovlennya pol\u0456mernih virob\u0456v<br \/>\n&#8211; V\u0456dpresovanih Kontrola virob\u0456v<br \/>\n&#8211; Pakuvannya tym markuvannya<br \/>\n&#8211; Dostarczanie gotovo\u0457 produkts\u0456\u0457<\/p>\n","protected":false},"excerpt":{"rendered":"<p>Tovaristvo s obmezhenoyu v\u0456dpov\u0456daln\u0456styu &#8220;Aura&#8221; zasnovane berezn\u0456 w 1994 Roku. G\u0142\u00f3wne d\u0456yaln\u0456styu TOV &#8220;Aura&#8221; E virobnitstvo Plastycznej virob\u0456v \u017ce sprzeda\u017c Gurtovaya vlasno\u0457 produkts\u0456\u0457. Na virobnichih \u0142o\u017cyska d\u00f3\u0142 p\u0456dpri\u0454mstva mozhlive vigotovlennya &#8230;<\/p>\n","protected":false},"author":1,"featured_media":0,"parent":0,"menu_order":0,"comment_status":"closed","ping_status":"closed","template":"","meta":[],"acf":[],"yoast_head":"<!-- This site is optimized with the Yoast SEO plugin v17.7.1 - https:\/\/yoast.com\/wordpress\/plugins\/seo\/ -->\n<title>O nas - Aura<\/title>\n<meta name=\"robots\" content=\"noindex, follow\" \/>\n<meta property=\"og:locale\" content=\"pl_PL\" \/>\n<meta property=\"og:type\" content=\"article\" \/>\n<meta property=\"og:title\" content=\"O nas - Aura\" \/>\n<meta property=\"og:description\" content=\"Tovaristvo s obmezhenoyu v\u0456dpov\u0456daln\u0456styu &#8220;Aura&#8221; zasnovane berezn\u0456 w 1994 Roku. G\u0142\u00f3wne d\u0456yaln\u0456styu TOV &#8220;Aura&#8221; E virobnitstvo Plastycznej virob\u0456v \u017ce sprzeda\u017c Gurtovaya vlasno\u0457 produkts\u0456\u0457. Na virobnichih \u0142o\u017cyska d\u00f3\u0142 p\u0456dpri\u0454mstva mozhlive vigotovlennya ...\" \/>\n<meta property=\"og:url\" content=\"http:\/\/aura-ltd.com.ua\/pl\/o-nas\/\" \/>\n<meta property=\"og:site_name\" content=\"Aura\" \/>\n<meta name=\"twitter:card\" content=\"summary\" \/>\n<meta name=\"twitter:label1\" content=\"Szacowany czas czytania\" \/>\n\t<meta name=\"twitter:data1\" content=\"1 minuta\" \/>\n<script type=\"application\/ld+json\" class=\"yoast-schema-graph\">{\"@context\":\"https:\/\/schema.org\",\"@graph\":[{\"@type\":\"WebSite\",\"@id\":\"http:\/\/aura-ltd.com.ua\/#website\",\"url\":\"http:\/\/aura-ltd.com.ua\/\",\"name\":\"Aura\",\"description\":\"\\u041f\\u0440\\u043e\\u0441\\u0442\\u043e \\u0449\\u0435 \\u043e\\u0434\\u0438\\u043d \\u0441\\u0430\\u0439\\u0442 \\u043d\\u0430 WordPress\",\"potentialAction\":[{\"@type\":\"SearchAction\",\"target\":{\"@type\":\"EntryPoint\",\"urlTemplate\":\"http:\/\/aura-ltd.com.ua\/?s={search_term_string}\"},\"query-input\":\"required name=search_term_string\"}],\"inLanguage\":\"pl-PL\"},{\"@type\":\"WebPage\",\"@id\":\"http:\/\/aura-ltd.com.ua\/pl\/o-nas\/#webpage\",\"url\":\"http:\/\/aura-ltd.com.ua\/pl\/o-nas\/\",\"name\":\"O nas - Aura\",\"isPartOf\":{\"@id\":\"http:\/\/aura-ltd.com.ua\/#website\"},\"datePublished\":\"2015-11-25T13:59:54+00:00\",\"dateModified\":\"2015-11-25T13:59:54+00:00\",\"breadcrumb\":{\"@id\":\"http:\/\/aura-ltd.com.ua\/pl\/o-nas\/#breadcrumb\"},\"inLanguage\":\"pl-PL\",\"potentialAction\":[{\"@type\":\"ReadAction\",\"target\":[\"http:\/\/aura-ltd.com.ua\/pl\/o-nas\/\"]}]},{\"@type\":\"BreadcrumbList\",\"@id\":\"http:\/\/aura-ltd.com.ua\/pl\/o-nas\/#breadcrumb\",\"itemListElement\":[{\"@type\":\"ListItem\",\"position\":1,\"name\":\"Home\",\"item\":\"http:\/\/aura-ltd.com.ua\/pl\/\"},{\"@type\":\"ListItem\",\"position\":2,\"name\":\"O nas\"}]}]}<\/script>\n<!-- \/ Yoast SEO plugin. -->","yoast_head_json":{"title":"O nas - Aura","robots":{"index":"noindex","follow":"follow"},"og_locale":"pl_PL","og_type":"article","og_title":"O nas - Aura","og_description":"Tovaristvo s obmezhenoyu v\u0456dpov\u0456daln\u0456styu &#8220;Aura&#8221; zasnovane berezn\u0456 w 1994 Roku. G\u0142\u00f3wne d\u0456yaln\u0456styu TOV &#8220;Aura&#8221; E virobnitstvo Plastycznej virob\u0456v \u017ce sprzeda\u017c Gurtovaya vlasno\u0457 produkts\u0456\u0457. Na virobnichih \u0142o\u017cyska d\u00f3\u0142 p\u0456dpri\u0454mstva mozhlive vigotovlennya ...","og_url":"http:\/\/aura-ltd.com.ua\/pl\/o-nas\/","og_site_name":"Aura","twitter_card":"summary","twitter_misc":{"Szacowany czas czytania":"1 minuta"},"schema":{"@context":"https:\/\/schema.org","@graph":[{"@type":"WebSite","@id":"http:\/\/aura-ltd.com.ua\/#website","url":"http:\/\/aura-ltd.com.ua\/","name":"Aura","description":"\u041f\u0440\u043e\u0441\u0442\u043e \u0449\u0435 \u043e\u0434\u0438\u043d \u0441\u0430\u0439\u0442 \u043d\u0430 WordPress","potentialAction":[{"@type":"SearchAction","target":{"@type":"EntryPoint","urlTemplate":"http:\/\/aura-ltd.com.ua\/?s={search_term_string}"},"query-input":"required name=search_term_string"}],"inLanguage":"pl-PL"},{"@type":"WebPage","@id":"http:\/\/aura-ltd.com.ua\/pl\/o-nas\/#webpage","url":"http:\/\/aura-ltd.com.ua\/pl\/o-nas\/","name":"O nas - Aura","isPartOf":{"@id":"http:\/\/aura-ltd.com.ua\/#website"},"datePublished":"2015-11-25T13:59:54+00:00","dateModified":"2015-11-25T13:59:54+00:00","breadcrumb":{"@id":"http:\/\/aura-ltd.com.ua\/pl\/o-nas\/#breadcrumb"},"inLanguage":"pl-PL","potentialAction":[{"@type":"ReadAction","target":["http:\/\/aura-ltd.com.ua\/pl\/o-nas\/"]}]},{"@type":"BreadcrumbList","@id":"http:\/\/aura-ltd.com.ua\/pl\/o-nas\/#breadcrumb","itemListElement":[{"@type":"ListItem","position":1,"name":"Home","item":"http:\/\/aura-ltd.com.ua\/pl\/"},{"@type":"ListItem","position":2,"name":"O nas"}]}]}},"_links":{"self":[{"href":"http:\/\/aura-ltd.com.ua\/pl\/wp-json\/wp\/v2\/pages\/913\/"}],"collection":[{"href":"http:\/\/aura-ltd.com.ua\/pl\/wp-json\/wp\/v2\/pages\/"}],"about":[{"href":"http:\/\/aura-ltd.com.ua\/pl\/wp-json\/wp\/v2\/types\/page\/"}],"author":[{"embeddable":true,"href":"http:\/\/aura-ltd.com.ua\/pl\/wp-json\/wp\/v2\/users\/1\/"}],"replies":[{"embeddable":true,"href":"http:\/\/aura-ltd.com.ua\/pl\/wp-json\/wp\/v2\/comments\/?post=913"}],"version-history":[{"count":0,"href":"http:\/\/aura-ltd.com.ua\/pl\/wp-json\/wp\/v2\/pages\/913\/revisions\/"}],"wp:attachment":[{"href":"http:\/\/aura-ltd.com.ua\/pl\/wp-json\/wp\/v2\/media\/?parent=913"}],"curies":[{"name":"wp","href":"https:\/\/api.w.org\/{rel}","templated":true}]}}