{"id":933,"date":"2015-11-25T18:10:16","date_gmt":"2015-11-25T14:10:16","guid":{"rendered":"http:\/\/aura.loc\/dom\/"},"modified":"2022-01-05T20:04:33","modified_gmt":"2022-01-05T16:04:33","slug":"dom","status":"publish","type":"page","link":"http:\/\/aura-ltd.com.ua\/pl\/","title":{"rendered":"Dom"},"content":{"rendered":"<p>Ltd. &#8220;Aura&#8221; zapewniaj\u0105 kompleksowe podej\u015bcie do produkcji zam\u00f3wienia, na podstawie rysunk\u00f3w projektowych i uk\u0142ady do pakowania wyrob\u00f3w gotowych. Mo\u017cna kupi\u0107 plastikowa konstrukcja i akcesori\u00f3w elektrycznych, z tworzyw sztucznych upominki reklamowe ksi\u0105\u017cki bez dodatkowych op\u0142at. Produkcja ukrai\u0144ska wi\u0105\u017ce lojalnego warto\u015bci zam\u00f3wienia. Do\u015bwiadczenie zdobyte w ci\u0105gu ponad dziesi\u0119ciu lat naszej firmy, wysoko wykwalifikowani specjali\u015bci i sprz\u0119t Europejska gwarantuje wysok\u0105 jako\u015b\u0107 naszych produkt\u00f3w.<\/p>\n","protected":false},"excerpt":{"rendered":"<p>Ltd. &#8220;Aura&#8221; zapewniaj\u0105 kompleksowe podej\u015bcie do produkcji zam\u00f3wienia, na podstawie rysunk\u00f3w projektowych i uk\u0142ady do pakowania wyrob\u00f3w gotowych. Mo\u017cna kupi\u0107 plastikowa konstrukcja i akcesori\u00f3w elektrycznych, z tworzyw sztucznych upominki reklamowe &#8230;<\/p>\n","protected":false},"author":1,"featured_media":0,"parent":0,"menu_order":0,"comment_status":"closed","ping_status":"closed","template":"","meta":[],"acf":[],"yoast_head":"<!-- This site is optimized with the Yoast SEO plugin v17.7.1 - https:\/\/yoast.com\/wordpress\/plugins\/seo\/ -->\n<title>Wyroby z tworzywa sztucznego od producenta Aura<\/title>\n<meta name=\"description\" content=\"Tworzywa sztuczne ( plastik) z producentem &quot; Aura &quot; . Wysoka jako\u015b\u0107 , najlepsze ceny na akcesoria z tworzyw sztucznych\" \/>\n<meta name=\"robots\" content=\"index, follow, max-snippet:-1, max-image-preview:large, max-video-preview:-1\" \/>\n<link rel=\"canonical\" href=\"http:\/\/aura-ltd.com.ua\/pl\/\" \/>\n<meta property=\"og:locale\" content=\"pl_PL\" \/>\n<meta property=\"og:type\" content=\"article\" \/>\n<meta property=\"og:title\" content=\"Wyroby z tworzywa sztucznego od producenta Aura\" \/>\n<meta property=\"og:description\" content=\"Tworzywa sztuczne ( plastik) z producentem &quot; Aura &quot; . Wysoka jako\u015b\u0107 , najlepsze ceny na akcesoria z tworzyw sztucznych\" \/>\n<meta property=\"og:url\" content=\"http:\/\/aura-ltd.com.ua\/pl\/\" \/>\n<meta property=\"og:site_name\" content=\"Aura\" \/>\n<meta property=\"article:modified_time\" content=\"2022-01-05T16:04:33+00:00\" \/>\n<meta name=\"twitter:card\" content=\"summary\" \/>\n<script type=\"application\/ld+json\" class=\"yoast-schema-graph\">{\"@context\":\"https:\/\/schema.org\",\"@graph\":[{\"@type\":\"WebSite\",\"@id\":\"http:\/\/aura-ltd.com.ua\/#website\",\"url\":\"http:\/\/aura-ltd.com.ua\/\",\"name\":\"Aura\",\"description\":\"\\u041f\\u0440\\u043e\\u0441\\u0442\\u043e \\u0449\\u0435 \\u043e\\u0434\\u0438\\u043d \\u0441\\u0430\\u0439\\u0442 \\u043d\\u0430 WordPress\",\"potentialAction\":[{\"@type\":\"SearchAction\",\"target\":{\"@type\":\"EntryPoint\",\"urlTemplate\":\"http:\/\/aura-ltd.com.ua\/?s={search_term_string}\"},\"query-input\":\"required name=search_term_string\"}],\"inLanguage\":\"pl-PL\"},{\"@type\":\"WebPage\",\"@id\":\"http:\/\/aura-ltd.com.ua\/pl\/#webpage\",\"url\":\"http:\/\/aura-ltd.com.ua\/pl\/\",\"name\":\"Wyroby z tworzywa sztucznego od producenta Aura\",\"isPartOf\":{\"@id\":\"http:\/\/aura-ltd.com.ua\/#website\"},\"datePublished\":\"2015-11-25T14:10:16+00:00\",\"dateModified\":\"2022-01-05T16:04:33+00:00\",\"description\":\"Tworzywa sztuczne ( plastik) z producentem \\\" Aura \\\" . Wysoka jako\\u015b\\u0107 , najlepsze ceny na akcesoria z tworzyw sztucznych\",\"breadcrumb\":{\"@id\":\"http:\/\/aura-ltd.com.ua\/pl\/#breadcrumb\"},\"inLanguage\":\"pl-PL\",\"potentialAction\":[{\"@type\":\"ReadAction\",\"target\":[\"http:\/\/aura-ltd.com.ua\/pl\/\"]}]},{\"@type\":\"BreadcrumbList\",\"@id\":\"http:\/\/aura-ltd.com.ua\/pl\/#breadcrumb\",\"itemListElement\":[{\"@type\":\"ListItem\",\"position\":1,\"name\":\"Home\",\"item\":\"http:\/\/aura-ltd.com.ua\/pl\/\"},{\"@type\":\"ListItem\",\"position\":2,\"name\":\"Dom\"}]}]}<\/script>\n<!-- \/ Yoast SEO plugin. -->","yoast_head_json":{"title":"Wyroby z tworzywa sztucznego od producenta Aura","description":"Tworzywa sztuczne ( plastik) z producentem \" Aura \" . Wysoka jako\u015b\u0107 , najlepsze ceny na akcesoria z tworzyw sztucznych","robots":{"index":"index","follow":"follow","max-snippet":"max-snippet:-1","max-image-preview":"max-image-preview:large","max-video-preview":"max-video-preview:-1"},"canonical":"http:\/\/aura-ltd.com.ua\/pl\/","og_locale":"pl_PL","og_type":"article","og_title":"Wyroby z tworzywa sztucznego od producenta Aura","og_description":"Tworzywa sztuczne ( plastik) z producentem \" Aura \" . Wysoka jako\u015b\u0107 , najlepsze ceny na akcesoria z tworzyw sztucznych","og_url":"http:\/\/aura-ltd.com.ua\/pl\/","og_site_name":"Aura","article_modified_time":"2022-01-05T16:04:33+00:00","twitter_card":"summary","schema":{"@context":"https:\/\/schema.org","@graph":[{"@type":"WebSite","@id":"http:\/\/aura-ltd.com.ua\/#website","url":"http:\/\/aura-ltd.com.ua\/","name":"Aura","description":"\u041f\u0440\u043e\u0441\u0442\u043e \u0449\u0435 \u043e\u0434\u0438\u043d \u0441\u0430\u0439\u0442 \u043d\u0430 WordPress","potentialAction":[{"@type":"SearchAction","target":{"@type":"EntryPoint","urlTemplate":"http:\/\/aura-ltd.com.ua\/?s={search_term_string}"},"query-input":"required name=search_term_string"}],"inLanguage":"pl-PL"},{"@type":"WebPage","@id":"http:\/\/aura-ltd.com.ua\/pl\/#webpage","url":"http:\/\/aura-ltd.com.ua\/pl\/","name":"Wyroby z tworzywa sztucznego od producenta Aura","isPartOf":{"@id":"http:\/\/aura-ltd.com.ua\/#website"},"datePublished":"2015-11-25T14:10:16+00:00","dateModified":"2022-01-05T16:04:33+00:00","description":"Tworzywa sztuczne ( plastik) z producentem \" Aura \" . Wysoka jako\u015b\u0107 , najlepsze ceny na akcesoria z tworzyw sztucznych","breadcrumb":{"@id":"http:\/\/aura-ltd.com.ua\/pl\/#breadcrumb"},"inLanguage":"pl-PL","potentialAction":[{"@type":"ReadAction","target":["http:\/\/aura-ltd.com.ua\/pl\/"]}]},{"@type":"BreadcrumbList","@id":"http:\/\/aura-ltd.com.ua\/pl\/#breadcrumb","itemListElement":[{"@type":"ListItem","position":1,"name":"Home","item":"http:\/\/aura-ltd.com.ua\/pl\/"},{"@type":"ListItem","position":2,"name":"Dom"}]}]}},"_links":{"self":[{"href":"http:\/\/aura-ltd.com.ua\/pl\/wp-json\/wp\/v2\/pages\/933\/"}],"collection":[{"href":"http:\/\/aura-ltd.com.ua\/pl\/wp-json\/wp\/v2\/pages\/"}],"about":[{"href":"http:\/\/aura-ltd.com.ua\/pl\/wp-json\/wp\/v2\/types\/page\/"}],"author":[{"embeddable":true,"href":"http:\/\/aura-ltd.com.ua\/pl\/wp-json\/wp\/v2\/users\/1\/"}],"replies":[{"embeddable":true,"href":"http:\/\/aura-ltd.com.ua\/pl\/wp-json\/wp\/v2\/comments\/?post=933"}],"version-history":[{"count":0,"href":"http:\/\/aura-ltd.com.ua\/pl\/wp-json\/wp\/v2\/pages\/933\/revisions\/"}],"wp:attachment":[{"href":"http:\/\/aura-ltd.com.ua\/pl\/wp-json\/wp\/v2\/media\/?parent=933"}],"curies":[{"name":"wp","href":"https:\/\/api.w.org\/{rel}","templated":true}]}}