{"id":1210,"date":"2017-07-25T17:50:26","date_gmt":"2017-07-25T13:50:26","guid":{"rendered":"http:\/\/aura.loc\/product\/sztuczny-rattan-sosna\/"},"modified":"2017-07-25T17:50:26","modified_gmt":"2017-07-25T13:50:26","slug":"sztuczny-rattan-sosna","status":"publish","type":"product","link":"http:\/\/aura-ltd.com.ua\/pl\/produkt\/sztuczny-rattan-sosna\/","title":{"rendered":"SZTUCZNY RATTAN sosna"},"content":{"rendered":"<p>Krojenie w segmencie ko\u0142a. &gt; 7 x 1,3 mm x 1,4&gt; 8 mm. +-0.2mm. Vyhotovleni sztucznego mebeli s\u0105 bardzo trwa\u0142e i odporne na dzia\u0142anie czynnik\u00f3w atmosferycznych, nie ulega spaleniu. Kolor w zasi\u0119gu, wybiera na kliencie. Jako\u015b\u0107 ukrai\u0144ski produkt evropeyskoyi<\/p>\n","protected":false},"excerpt":{"rendered":"<p>Krojenie w segmencie ko\u0142a. &gt; 7 x 1,3 mm x 1,4&gt; 8 mm. +-0.2mm. Vyhotovleni sztucznego mebeli s\u0105 bardzo trwa\u0142e i odporne na dzia\u0142anie czynnik\u00f3w atmosferycznych, nie ulega spaleniu. Kolor &#8230;<\/p>\n","protected":false},"featured_media":1948,"comment_status":"open","ping_status":"closed","template":"","meta":[],"product_cat":[65],"product_tag":[],"acf":[],"yoast_head":"<!-- This site is optimized with the Yoast SEO plugin v17.7.1 - https:\/\/yoast.com\/wordpress\/plugins\/seo\/ -->\n<title>SZTUCZNY RATTAN sosna - Aura<\/title>\n<meta name=\"robots\" content=\"index, follow, max-snippet:-1, max-image-preview:large, max-video-preview:-1\" \/>\n<link rel=\"canonical\" href=\"http:\/\/aura-ltd.com.ua\/pl\/produkt\/sztuczny-rattan-sosna\/\" \/>\n<meta property=\"og:locale\" content=\"pl_PL\" \/>\n<meta property=\"og:type\" content=\"article\" \/>\n<meta property=\"og:title\" content=\"SZTUCZNY RATTAN sosna - Aura\" \/>\n<meta property=\"og:description\" content=\"Krojenie w segmencie ko\u0142a. &gt; 7 x 1,3 mm x 1,4&gt; 8 mm. +-0.2mm. Vyhotovleni sztucznego mebeli s\u0105 bardzo trwa\u0142e i odporne na dzia\u0142anie czynnik\u00f3w atmosferycznych, nie ulega spaleniu. Kolor ...\" \/>\n<meta property=\"og:url\" content=\"http:\/\/aura-ltd.com.ua\/pl\/produkt\/sztuczny-rattan-sosna\/\" \/>\n<meta property=\"og:site_name\" content=\"Aura\" \/>\n<meta property=\"og:image\" content=\"http:\/\/aura-ltd.com.ua\/wp-content\/uploads\/2017\/07\/493100218_8_1000x700_rotang-dlya-vigotovlennya-meblv-_rev007.jpg\" \/>\n\t<meta property=\"og:image:width\" content=\"525\" \/>\n\t<meta property=\"og:image:height\" content=\"640\" \/>\n<meta name=\"twitter:card\" content=\"summary\" \/>\n<script type=\"application\/ld+json\" class=\"yoast-schema-graph\">{\"@context\":\"https:\/\/schema.org\",\"@graph\":[{\"@type\":\"WebSite\",\"@id\":\"http:\/\/aura-ltd.com.ua\/#website\",\"url\":\"http:\/\/aura-ltd.com.ua\/\",\"name\":\"Aura\",\"description\":\"\\u041f\\u0440\\u043e\\u0441\\u0442\\u043e \\u0449\\u0435 \\u043e\\u0434\\u0438\\u043d \\u0441\\u0430\\u0439\\u0442 \\u043d\\u0430 WordPress\",\"potentialAction\":[{\"@type\":\"SearchAction\",\"target\":{\"@type\":\"EntryPoint\",\"urlTemplate\":\"http:\/\/aura-ltd.com.ua\/?s={search_term_string}\"},\"query-input\":\"required name=search_term_string\"}],\"inLanguage\":\"pl-PL\"},{\"@type\":\"ImageObject\",\"@id\":\"http:\/\/aura-ltd.com.ua\/pl\/produkt\/sztuczny-rattan-sosna\/#primaryimage\",\"inLanguage\":\"pl-PL\",\"url\":\"http:\/\/aura-ltd.com.ua\/wp-content\/uploads\/2017\/07\/493100218_8_1000x700_rotang-dlya-vigotovlennya-meblv-_rev007.jpg\",\"contentUrl\":\"http:\/\/aura-ltd.com.ua\/wp-content\/uploads\/2017\/07\/493100218_8_1000x700_rotang-dlya-vigotovlennya-meblv-_rev007.jpg\",\"width\":525,\"height\":640},{\"@type\":\"WebPage\",\"@id\":\"http:\/\/aura-ltd.com.ua\/pl\/produkt\/sztuczny-rattan-sosna\/#webpage\",\"url\":\"http:\/\/aura-ltd.com.ua\/pl\/produkt\/sztuczny-rattan-sosna\/\",\"name\":\"SZTUCZNY RATTAN sosna - Aura\",\"isPartOf\":{\"@id\":\"http:\/\/aura-ltd.com.ua\/#website\"},\"primaryImageOfPage\":{\"@id\":\"http:\/\/aura-ltd.com.ua\/pl\/produkt\/sztuczny-rattan-sosna\/#primaryimage\"},\"datePublished\":\"2017-07-25T13:50:26+00:00\",\"dateModified\":\"2017-07-25T13:50:26+00:00\",\"breadcrumb\":{\"@id\":\"http:\/\/aura-ltd.com.ua\/pl\/produkt\/sztuczny-rattan-sosna\/#breadcrumb\"},\"inLanguage\":\"pl-PL\",\"potentialAction\":[{\"@type\":\"ReadAction\",\"target\":[\"http:\/\/aura-ltd.com.ua\/pl\/produkt\/sztuczny-rattan-sosna\/\"]}]},{\"@type\":\"BreadcrumbList\",\"@id\":\"http:\/\/aura-ltd.com.ua\/pl\/produkt\/sztuczny-rattan-sosna\/#breadcrumb\",\"itemListElement\":[{\"@type\":\"ListItem\",\"position\":1,\"name\":\"Home\",\"item\":\"http:\/\/aura-ltd.com.ua\/pl\/\"},{\"@type\":\"ListItem\",\"position\":2,\"name\":\"Sklep\",\"item\":\"http:\/\/aura-ltd.com.ua\/pl\/sklep\/\"},{\"@type\":\"ListItem\",\"position\":3,\"name\":\"SZTUCZNY RATTAN sosna\"}]}]}<\/script>\n<!-- \/ Yoast SEO plugin. -->","yoast_head_json":{"title":"SZTUCZNY RATTAN sosna - Aura","robots":{"index":"index","follow":"follow","max-snippet":"max-snippet:-1","max-image-preview":"max-image-preview:large","max-video-preview":"max-video-preview:-1"},"canonical":"http:\/\/aura-ltd.com.ua\/pl\/produkt\/sztuczny-rattan-sosna\/","og_locale":"pl_PL","og_type":"article","og_title":"SZTUCZNY RATTAN sosna - Aura","og_description":"Krojenie w segmencie ko\u0142a. &gt; 7 x 1,3 mm x 1,4&gt; 8 mm. +-0.2mm. Vyhotovleni sztucznego mebeli s\u0105 bardzo trwa\u0142e i odporne na dzia\u0142anie czynnik\u00f3w atmosferycznych, nie ulega spaleniu. Kolor ...","og_url":"http:\/\/aura-ltd.com.ua\/pl\/produkt\/sztuczny-rattan-sosna\/","og_site_name":"Aura","og_image":[{"width":525,"height":640,"url":"http:\/\/aura-ltd.com.ua\/wp-content\/uploads\/2017\/07\/493100218_8_1000x700_rotang-dlya-vigotovlennya-meblv-_rev007.jpg","type":"image\/jpeg"}],"twitter_card":"summary","schema":{"@context":"https:\/\/schema.org","@graph":[{"@type":"WebSite","@id":"http:\/\/aura-ltd.com.ua\/#website","url":"http:\/\/aura-ltd.com.ua\/","name":"Aura","description":"\u041f\u0440\u043e\u0441\u0442\u043e \u0449\u0435 \u043e\u0434\u0438\u043d \u0441\u0430\u0439\u0442 \u043d\u0430 WordPress","potentialAction":[{"@type":"SearchAction","target":{"@type":"EntryPoint","urlTemplate":"http:\/\/aura-ltd.com.ua\/?s={search_term_string}"},"query-input":"required name=search_term_string"}],"inLanguage":"pl-PL"},{"@type":"ImageObject","@id":"http:\/\/aura-ltd.com.ua\/pl\/produkt\/sztuczny-rattan-sosna\/#primaryimage","inLanguage":"pl-PL","url":"http:\/\/aura-ltd.com.ua\/wp-content\/uploads\/2017\/07\/493100218_8_1000x700_rotang-dlya-vigotovlennya-meblv-_rev007.jpg","contentUrl":"http:\/\/aura-ltd.com.ua\/wp-content\/uploads\/2017\/07\/493100218_8_1000x700_rotang-dlya-vigotovlennya-meblv-_rev007.jpg","width":525,"height":640},{"@type":"WebPage","@id":"http:\/\/aura-ltd.com.ua\/pl\/produkt\/sztuczny-rattan-sosna\/#webpage","url":"http:\/\/aura-ltd.com.ua\/pl\/produkt\/sztuczny-rattan-sosna\/","name":"SZTUCZNY RATTAN sosna - Aura","isPartOf":{"@id":"http:\/\/aura-ltd.com.ua\/#website"},"primaryImageOfPage":{"@id":"http:\/\/aura-ltd.com.ua\/pl\/produkt\/sztuczny-rattan-sosna\/#primaryimage"},"datePublished":"2017-07-25T13:50:26+00:00","dateModified":"2017-07-25T13:50:26+00:00","breadcrumb":{"@id":"http:\/\/aura-ltd.com.ua\/pl\/produkt\/sztuczny-rattan-sosna\/#breadcrumb"},"inLanguage":"pl-PL","potentialAction":[{"@type":"ReadAction","target":["http:\/\/aura-ltd.com.ua\/pl\/produkt\/sztuczny-rattan-sosna\/"]}]},{"@type":"BreadcrumbList","@id":"http:\/\/aura-ltd.com.ua\/pl\/produkt\/sztuczny-rattan-sosna\/#breadcrumb","itemListElement":[{"@type":"ListItem","position":1,"name":"Home","item":"http:\/\/aura-ltd.com.ua\/pl\/"},{"@type":"ListItem","position":2,"name":"Sklep","item":"http:\/\/aura-ltd.com.ua\/pl\/sklep\/"},{"@type":"ListItem","position":3,"name":"SZTUCZNY RATTAN sosna"}]}]}},"_links":{"self":[{"href":"http:\/\/aura-ltd.com.ua\/pl\/wp-json\/wp\/v2\/product\/1210\/"}],"collection":[{"href":"http:\/\/aura-ltd.com.ua\/pl\/wp-json\/wp\/v2\/product\/"}],"about":[{"href":"http:\/\/aura-ltd.com.ua\/pl\/wp-json\/wp\/v2\/types\/product\/"}],"replies":[{"embeddable":true,"href":"http:\/\/aura-ltd.com.ua\/pl\/wp-json\/wp\/v2\/comments\/?post=1210"}],"wp:featuredmedia":[{"embeddable":true,"href":"http:\/\/aura-ltd.com.ua\/pl\/wp-json\/wp\/v2\/media\/1948\/"}],"wp:attachment":[{"href":"http:\/\/aura-ltd.com.ua\/pl\/wp-json\/wp\/v2\/media\/?parent=1210"}],"wp:term":[{"taxonomy":"product_cat","embeddable":true,"href":"http:\/\/aura-ltd.com.ua\/pl\/wp-json\/wp\/v2\/product_cat\/?post=1210"},{"taxonomy":"product_tag","embeddable":true,"href":"http:\/\/aura-ltd.com.ua\/pl\/wp-json\/wp\/v2\/product_tag\/?post=1210"}],"curies":[{"name":"wp","href":"https:\/\/api.w.org\/{rel}","templated":true}]}}