{"id":1266,"date":"2018-07-19T14:32:35","date_gmt":"2018-07-19T10:32:35","guid":{"rendered":"http:\/\/aura.loc\/product\/sztuczny-rattan-ciemno-brazowa-pasek\/"},"modified":"2018-07-19T14:32:35","modified_gmt":"2018-07-19T10:32:35","slug":"sztuczny-rattan-ciemno-brazowa-pasek","status":"publish","type":"product","link":"http:\/\/aura-ltd.com.ua\/pl\/produkt\/sztuczny-rattan-ciemno-brazowa-pasek\/","title":{"rendered":"SZTUCZNY RATTAN CIEMNO-BR\u0104ZOWA &#8220;pasek&#8221;"},"content":{"rendered":"<p id=\"tw-target-text\" class=\"tw-data-text tw-ta tw-text-medium\" dir=\"ltr\" data-placeholder=\"\u041f\u0435\u0440\u0435\u043a\u043b\u0430\u0434\"><span lang=\"pl\">P\u0142askie sekcje w postaci pask\u00f3w<\/span>&gt; 8 x 1,4 mm. 10\u00a0x\u00a02.0\u00a0mm.+-0.2mmVyhotovleni Meble rattanowe sztuczne s\u0105 bardzo trwa\u0142e i odporne na warunki atmosferyczne, nie pali. Kolor w zakresie, w ramach podbirayem kupuj\u0105cego. Jako\u015b\u0107 produktu evropeyskom ukrai\u0144ska<\/p>\n","protected":false},"excerpt":{"rendered":"<p>P\u0142askie sekcje w postaci pask\u00f3w&gt; 8 x 1,4 mm. 10\u00a0x\u00a02.0\u00a0mm.+-0.2mmVyhotovleni Meble rattanowe sztuczne s\u0105 bardzo trwa\u0142e i odporne na warunki atmosferyczne, nie pali. Kolor w zakresie, w ramach podbirayem kupuj\u0105cego. &#8230;<\/p>\n","protected":false},"featured_media":2987,"comment_status":"open","ping_status":"closed","template":"","meta":[],"product_cat":[65],"product_tag":[],"acf":[],"yoast_head":"<!-- This site is optimized with the Yoast SEO plugin v17.7.1 - https:\/\/yoast.com\/wordpress\/plugins\/seo\/ -->\n<title>SZTUCZNY RATTAN CIEMNO-BR\u0104ZOWA &quot;pasek&quot; - Aura<\/title>\n<meta name=\"robots\" content=\"index, follow, max-snippet:-1, max-image-preview:large, max-video-preview:-1\" \/>\n<link rel=\"canonical\" href=\"http:\/\/aura-ltd.com.ua\/pl\/produkt\/sztuczny-rattan-ciemno-brazowa-pasek\/\" \/>\n<meta property=\"og:locale\" content=\"pl_PL\" \/>\n<meta property=\"og:type\" content=\"article\" \/>\n<meta property=\"og:title\" content=\"SZTUCZNY RATTAN CIEMNO-BR\u0104ZOWA &quot;pasek&quot; - Aura\" \/>\n<meta property=\"og:description\" content=\"P\u0142askie sekcje w postaci pask\u00f3w&gt; 8 x 1,4 mm. 10\u00a0x\u00a02.0\u00a0mm.+-0.2mmVyhotovleni Meble rattanowe sztuczne s\u0105 bardzo trwa\u0142e i odporne na warunki atmosferyczne, nie pali. Kolor w zakresie, w ramach podbirayem kupuj\u0105cego. ...\" \/>\n<meta property=\"og:url\" content=\"http:\/\/aura-ltd.com.ua\/pl\/produkt\/sztuczny-rattan-ciemno-brazowa-pasek\/\" \/>\n<meta property=\"og:site_name\" content=\"Aura\" \/>\n<meta property=\"og:image\" content=\"http:\/\/aura-ltd.com.ua\/wp-content\/uploads\/2018\/07\/0-02-05-e60cf172f6c59ee3968b7f6e21b1451a7dd3ed29edf618c52bd84dd80c7b2628_cb6911e0-1.jpg\" \/>\n\t<meta property=\"og:image:width\" content=\"960\" \/>\n\t<meta property=\"og:image:height\" content=\"1280\" \/>\n<meta name=\"twitter:card\" content=\"summary\" \/>\n<script type=\"application\/ld+json\" class=\"yoast-schema-graph\">{\"@context\":\"https:\/\/schema.org\",\"@graph\":[{\"@type\":\"WebSite\",\"@id\":\"http:\/\/aura-ltd.com.ua\/#website\",\"url\":\"http:\/\/aura-ltd.com.ua\/\",\"name\":\"Aura\",\"description\":\"\\u041f\\u0440\\u043e\\u0441\\u0442\\u043e \\u0449\\u0435 \\u043e\\u0434\\u0438\\u043d \\u0441\\u0430\\u0439\\u0442 \\u043d\\u0430 WordPress\",\"potentialAction\":[{\"@type\":\"SearchAction\",\"target\":{\"@type\":\"EntryPoint\",\"urlTemplate\":\"http:\/\/aura-ltd.com.ua\/?s={search_term_string}\"},\"query-input\":\"required name=search_term_string\"}],\"inLanguage\":\"pl-PL\"},{\"@type\":\"ImageObject\",\"@id\":\"http:\/\/aura-ltd.com.ua\/pl\/produkt\/sztuczny-rattan-ciemno-brazowa-pasek\/#primaryimage\",\"inLanguage\":\"pl-PL\",\"url\":\"http:\/\/aura-ltd.com.ua\/wp-content\/uploads\/2018\/07\/0-02-05-e60cf172f6c59ee3968b7f6e21b1451a7dd3ed29edf618c52bd84dd80c7b2628_cb6911e0-1.jpg\",\"contentUrl\":\"http:\/\/aura-ltd.com.ua\/wp-content\/uploads\/2018\/07\/0-02-05-e60cf172f6c59ee3968b7f6e21b1451a7dd3ed29edf618c52bd84dd80c7b2628_cb6911e0-1.jpg\",\"width\":960,\"height\":1280},{\"@type\":\"WebPage\",\"@id\":\"http:\/\/aura-ltd.com.ua\/pl\/produkt\/sztuczny-rattan-ciemno-brazowa-pasek\/#webpage\",\"url\":\"http:\/\/aura-ltd.com.ua\/pl\/produkt\/sztuczny-rattan-ciemno-brazowa-pasek\/\",\"name\":\"SZTUCZNY RATTAN CIEMNO-BR\\u0104ZOWA \\\"pasek\\\" - Aura\",\"isPartOf\":{\"@id\":\"http:\/\/aura-ltd.com.ua\/#website\"},\"primaryImageOfPage\":{\"@id\":\"http:\/\/aura-ltd.com.ua\/pl\/produkt\/sztuczny-rattan-ciemno-brazowa-pasek\/#primaryimage\"},\"datePublished\":\"2018-07-19T10:32:35+00:00\",\"dateModified\":\"2018-07-19T10:32:35+00:00\",\"breadcrumb\":{\"@id\":\"http:\/\/aura-ltd.com.ua\/pl\/produkt\/sztuczny-rattan-ciemno-brazowa-pasek\/#breadcrumb\"},\"inLanguage\":\"pl-PL\",\"potentialAction\":[{\"@type\":\"ReadAction\",\"target\":[\"http:\/\/aura-ltd.com.ua\/pl\/produkt\/sztuczny-rattan-ciemno-brazowa-pasek\/\"]}]},{\"@type\":\"BreadcrumbList\",\"@id\":\"http:\/\/aura-ltd.com.ua\/pl\/produkt\/sztuczny-rattan-ciemno-brazowa-pasek\/#breadcrumb\",\"itemListElement\":[{\"@type\":\"ListItem\",\"position\":1,\"name\":\"Home\",\"item\":\"http:\/\/aura-ltd.com.ua\/pl\/\"},{\"@type\":\"ListItem\",\"position\":2,\"name\":\"Sklep\",\"item\":\"http:\/\/aura-ltd.com.ua\/pl\/sklep\/\"},{\"@type\":\"ListItem\",\"position\":3,\"name\":\"SZTUCZNY RATTAN CIEMNO-BR\\u0104ZOWA &#8220;pasek&#8221;\"}]}]}<\/script>\n<!-- \/ Yoast SEO plugin. -->","yoast_head_json":{"title":"SZTUCZNY RATTAN CIEMNO-BR\u0104ZOWA \"pasek\" - Aura","robots":{"index":"index","follow":"follow","max-snippet":"max-snippet:-1","max-image-preview":"max-image-preview:large","max-video-preview":"max-video-preview:-1"},"canonical":"http:\/\/aura-ltd.com.ua\/pl\/produkt\/sztuczny-rattan-ciemno-brazowa-pasek\/","og_locale":"pl_PL","og_type":"article","og_title":"SZTUCZNY RATTAN CIEMNO-BR\u0104ZOWA \"pasek\" - Aura","og_description":"P\u0142askie sekcje w postaci pask\u00f3w&gt; 8 x 1,4 mm. 10\u00a0x\u00a02.0\u00a0mm.+-0.2mmVyhotovleni Meble rattanowe sztuczne s\u0105 bardzo trwa\u0142e i odporne na warunki atmosferyczne, nie pali. Kolor w zakresie, w ramach podbirayem kupuj\u0105cego. ...","og_url":"http:\/\/aura-ltd.com.ua\/pl\/produkt\/sztuczny-rattan-ciemno-brazowa-pasek\/","og_site_name":"Aura","og_image":[{"width":960,"height":1280,"url":"http:\/\/aura-ltd.com.ua\/wp-content\/uploads\/2018\/07\/0-02-05-e60cf172f6c59ee3968b7f6e21b1451a7dd3ed29edf618c52bd84dd80c7b2628_cb6911e0-1.jpg","type":"image\/jpeg"}],"twitter_card":"summary","schema":{"@context":"https:\/\/schema.org","@graph":[{"@type":"WebSite","@id":"http:\/\/aura-ltd.com.ua\/#website","url":"http:\/\/aura-ltd.com.ua\/","name":"Aura","description":"\u041f\u0440\u043e\u0441\u0442\u043e \u0449\u0435 \u043e\u0434\u0438\u043d \u0441\u0430\u0439\u0442 \u043d\u0430 WordPress","potentialAction":[{"@type":"SearchAction","target":{"@type":"EntryPoint","urlTemplate":"http:\/\/aura-ltd.com.ua\/?s={search_term_string}"},"query-input":"required name=search_term_string"}],"inLanguage":"pl-PL"},{"@type":"ImageObject","@id":"http:\/\/aura-ltd.com.ua\/pl\/produkt\/sztuczny-rattan-ciemno-brazowa-pasek\/#primaryimage","inLanguage":"pl-PL","url":"http:\/\/aura-ltd.com.ua\/wp-content\/uploads\/2018\/07\/0-02-05-e60cf172f6c59ee3968b7f6e21b1451a7dd3ed29edf618c52bd84dd80c7b2628_cb6911e0-1.jpg","contentUrl":"http:\/\/aura-ltd.com.ua\/wp-content\/uploads\/2018\/07\/0-02-05-e60cf172f6c59ee3968b7f6e21b1451a7dd3ed29edf618c52bd84dd80c7b2628_cb6911e0-1.jpg","width":960,"height":1280},{"@type":"WebPage","@id":"http:\/\/aura-ltd.com.ua\/pl\/produkt\/sztuczny-rattan-ciemno-brazowa-pasek\/#webpage","url":"http:\/\/aura-ltd.com.ua\/pl\/produkt\/sztuczny-rattan-ciemno-brazowa-pasek\/","name":"SZTUCZNY RATTAN CIEMNO-BR\u0104ZOWA \"pasek\" - Aura","isPartOf":{"@id":"http:\/\/aura-ltd.com.ua\/#website"},"primaryImageOfPage":{"@id":"http:\/\/aura-ltd.com.ua\/pl\/produkt\/sztuczny-rattan-ciemno-brazowa-pasek\/#primaryimage"},"datePublished":"2018-07-19T10:32:35+00:00","dateModified":"2018-07-19T10:32:35+00:00","breadcrumb":{"@id":"http:\/\/aura-ltd.com.ua\/pl\/produkt\/sztuczny-rattan-ciemno-brazowa-pasek\/#breadcrumb"},"inLanguage":"pl-PL","potentialAction":[{"@type":"ReadAction","target":["http:\/\/aura-ltd.com.ua\/pl\/produkt\/sztuczny-rattan-ciemno-brazowa-pasek\/"]}]},{"@type":"BreadcrumbList","@id":"http:\/\/aura-ltd.com.ua\/pl\/produkt\/sztuczny-rattan-ciemno-brazowa-pasek\/#breadcrumb","itemListElement":[{"@type":"ListItem","position":1,"name":"Home","item":"http:\/\/aura-ltd.com.ua\/pl\/"},{"@type":"ListItem","position":2,"name":"Sklep","item":"http:\/\/aura-ltd.com.ua\/pl\/sklep\/"},{"@type":"ListItem","position":3,"name":"SZTUCZNY RATTAN CIEMNO-BR\u0104ZOWA &#8220;pasek&#8221;"}]}]}},"_links":{"self":[{"href":"http:\/\/aura-ltd.com.ua\/pl\/wp-json\/wp\/v2\/product\/1266\/"}],"collection":[{"href":"http:\/\/aura-ltd.com.ua\/pl\/wp-json\/wp\/v2\/product\/"}],"about":[{"href":"http:\/\/aura-ltd.com.ua\/pl\/wp-json\/wp\/v2\/types\/product\/"}],"replies":[{"embeddable":true,"href":"http:\/\/aura-ltd.com.ua\/pl\/wp-json\/wp\/v2\/comments\/?post=1266"}],"wp:featuredmedia":[{"embeddable":true,"href":"http:\/\/aura-ltd.com.ua\/pl\/wp-json\/wp\/v2\/media\/2987\/"}],"wp:attachment":[{"href":"http:\/\/aura-ltd.com.ua\/pl\/wp-json\/wp\/v2\/media\/?parent=1266"}],"wp:term":[{"taxonomy":"product_cat","embeddable":true,"href":"http:\/\/aura-ltd.com.ua\/pl\/wp-json\/wp\/v2\/product_cat\/?post=1266"},{"taxonomy":"product_tag","embeddable":true,"href":"http:\/\/aura-ltd.com.ua\/pl\/wp-json\/wp\/v2\/product_tag\/?post=1266"}],"curies":[{"name":"wp","href":"https:\/\/api.w.org\/{rel}","templated":true}]}}