{"id":1470,"date":"2021-06-03T13:46:37","date_gmt":"2021-06-03T09:46:37","guid":{"rendered":"http:\/\/aura.loc\/product\/sztuczne-rozmieszczenie-korony-szary\/"},"modified":"2021-06-03T13:46:37","modified_gmt":"2021-06-03T09:46:37","slug":"sztuczne-rozmieszczenie-korony-szary","status":"publish","type":"product","link":"http:\/\/aura-ltd.com.ua\/pl\/produkt\/sztuczne-rozmieszczenie-korony-szary\/","title":{"rendered":"SZTUCZNE ROZMIESZCZENIE \u201eKORONY\u201d SZARY"},"content":{"rendered":"<p>P\u0142aski przekr\u00f3j w postaci paska o kraw\u0119dziach > 8 x 1,4 mm 1 + -0,2 mm. Wykorzystywane do produkcji sof ogrodowych, foteli, krzese\u0142 kokonowych, le\u017cak\u00f3w, r\u00f3\u017cnego rodzaju koszy, donic, designerskich \u017cyrandoli, domk\u00f3w dla zwierz\u0105t, altan i innych tego typu produkt\u00f3w. Z pomoc\u0105 naszego rattanu i w\u0142asnej wyobra\u017ani mo\u017cesz stworzy\u0107 wyrafinowane i oryginalne wn\u0119trze w swoim domu, restauracji czy tarasie. Produkty rattanowe mog\u0105 by\u0107 r\u00f3wnie\u017c u\u017cywane na zewn\u0105trz, poniewa\u017c s\u0105 \u0142atwe w czyszczeniu i nie boj\u0105 si\u0119 deszczu i s\u0142o\u0144ca. Wykonane ze sztucznego rattanu produkty s\u0105 bardzo mocne i odporne na warunki atmosferyczne, nie wypalaj\u0105 si\u0119, nie wymagaj\u0105 dora\u017anej piel\u0119gnacji.<\/p>\n","protected":false},"excerpt":{"rendered":"<p>P\u0142aski przekr\u00f3j w postaci paska o kraw\u0119dziach > 8 x 1,4 mm 1 + -0,2 mm. Wykorzystywane do produkcji sof ogrodowych, foteli, krzese\u0142 kokonowych, le\u017cak\u00f3w, r\u00f3\u017cnego rodzaju koszy, donic, designerskich &#8230;<\/p>\n","protected":false},"featured_media":2281,"comment_status":"open","ping_status":"closed","template":"","meta":[],"product_cat":[65],"product_tag":[],"acf":[],"yoast_head":"<!-- This site is optimized with the Yoast SEO plugin v17.7.1 - https:\/\/yoast.com\/wordpress\/plugins\/seo\/ -->\n<title>SZTUCZNE ROZMIESZCZENIE \u201eKORONY\u201d SZARY - Aura<\/title>\n<meta name=\"robots\" content=\"index, follow, max-snippet:-1, max-image-preview:large, max-video-preview:-1\" \/>\n<link rel=\"canonical\" href=\"http:\/\/aura-ltd.com.ua\/pl\/produkt\/sztuczne-rozmieszczenie-korony-szary\/\" \/>\n<meta property=\"og:locale\" content=\"pl_PL\" \/>\n<meta property=\"og:type\" content=\"article\" \/>\n<meta property=\"og:title\" content=\"SZTUCZNE ROZMIESZCZENIE \u201eKORONY\u201d SZARY - Aura\" \/>\n<meta property=\"og:description\" content=\"P\u0142aski przekr\u00f3j w postaci paska o kraw\u0119dziach &gt; 8 x 1,4 mm 1 + -0,2 mm. Wykorzystywane do produkcji sof ogrodowych, foteli, krzese\u0142 kokonowych, le\u017cak\u00f3w, r\u00f3\u017cnego rodzaju koszy, donic, designerskich ...\" \/>\n<meta property=\"og:url\" content=\"http:\/\/aura-ltd.com.ua\/pl\/produkt\/sztuczne-rozmieszczenie-korony-szary\/\" \/>\n<meta property=\"og:site_name\" content=\"Aura\" \/>\n<meta property=\"og:image\" content=\"http:\/\/aura-ltd.com.ua\/wp-content\/uploads\/2021\/06\/siryj-korona.jpg\" \/>\n\t<meta property=\"og:image:width\" content=\"1600\" \/>\n\t<meta property=\"og:image:height\" content=\"901\" \/>\n<meta name=\"twitter:card\" content=\"summary\" \/>\n<meta name=\"twitter:label1\" content=\"Szacowany czas czytania\" \/>\n\t<meta name=\"twitter:data1\" content=\"1 minuta\" \/>\n<script type=\"application\/ld+json\" class=\"yoast-schema-graph\">{\"@context\":\"https:\/\/schema.org\",\"@graph\":[{\"@type\":\"WebSite\",\"@id\":\"http:\/\/aura-ltd.com.ua\/#website\",\"url\":\"http:\/\/aura-ltd.com.ua\/\",\"name\":\"Aura\",\"description\":\"\\u041f\\u0440\\u043e\\u0441\\u0442\\u043e \\u0449\\u0435 \\u043e\\u0434\\u0438\\u043d \\u0441\\u0430\\u0439\\u0442 \\u043d\\u0430 WordPress\",\"potentialAction\":[{\"@type\":\"SearchAction\",\"target\":{\"@type\":\"EntryPoint\",\"urlTemplate\":\"http:\/\/aura-ltd.com.ua\/?s={search_term_string}\"},\"query-input\":\"required name=search_term_string\"}],\"inLanguage\":\"pl-PL\"},{\"@type\":\"ImageObject\",\"@id\":\"http:\/\/aura-ltd.com.ua\/pl\/produkt\/sztuczne-rozmieszczenie-korony-szary\/#primaryimage\",\"inLanguage\":\"pl-PL\",\"url\":\"http:\/\/aura-ltd.com.ua\/wp-content\/uploads\/2021\/06\/siryj-korona.jpg\",\"contentUrl\":\"http:\/\/aura-ltd.com.ua\/wp-content\/uploads\/2021\/06\/siryj-korona.jpg\",\"width\":1600,\"height\":901},{\"@type\":\"WebPage\",\"@id\":\"http:\/\/aura-ltd.com.ua\/pl\/produkt\/sztuczne-rozmieszczenie-korony-szary\/#webpage\",\"url\":\"http:\/\/aura-ltd.com.ua\/pl\/produkt\/sztuczne-rozmieszczenie-korony-szary\/\",\"name\":\"SZTUCZNE ROZMIESZCZENIE \\u201eKORONY\\u201d SZARY - Aura\",\"isPartOf\":{\"@id\":\"http:\/\/aura-ltd.com.ua\/#website\"},\"primaryImageOfPage\":{\"@id\":\"http:\/\/aura-ltd.com.ua\/pl\/produkt\/sztuczne-rozmieszczenie-korony-szary\/#primaryimage\"},\"datePublished\":\"2021-06-03T09:46:37+00:00\",\"dateModified\":\"2021-06-03T09:46:37+00:00\",\"breadcrumb\":{\"@id\":\"http:\/\/aura-ltd.com.ua\/pl\/produkt\/sztuczne-rozmieszczenie-korony-szary\/#breadcrumb\"},\"inLanguage\":\"pl-PL\",\"potentialAction\":[{\"@type\":\"ReadAction\",\"target\":[\"http:\/\/aura-ltd.com.ua\/pl\/produkt\/sztuczne-rozmieszczenie-korony-szary\/\"]}]},{\"@type\":\"BreadcrumbList\",\"@id\":\"http:\/\/aura-ltd.com.ua\/pl\/produkt\/sztuczne-rozmieszczenie-korony-szary\/#breadcrumb\",\"itemListElement\":[{\"@type\":\"ListItem\",\"position\":1,\"name\":\"Home\",\"item\":\"http:\/\/aura-ltd.com.ua\/pl\/\"},{\"@type\":\"ListItem\",\"position\":2,\"name\":\"Sklep\",\"item\":\"http:\/\/aura-ltd.com.ua\/pl\/sklep\/\"},{\"@type\":\"ListItem\",\"position\":3,\"name\":\"SZTUCZNE ROZMIESZCZENIE \\u201eKORONY\\u201d SZARY\"}]}]}<\/script>\n<!-- \/ Yoast SEO plugin. -->","yoast_head_json":{"title":"SZTUCZNE ROZMIESZCZENIE \u201eKORONY\u201d SZARY - Aura","robots":{"index":"index","follow":"follow","max-snippet":"max-snippet:-1","max-image-preview":"max-image-preview:large","max-video-preview":"max-video-preview:-1"},"canonical":"http:\/\/aura-ltd.com.ua\/pl\/produkt\/sztuczne-rozmieszczenie-korony-szary\/","og_locale":"pl_PL","og_type":"article","og_title":"SZTUCZNE ROZMIESZCZENIE \u201eKORONY\u201d SZARY - Aura","og_description":"P\u0142aski przekr\u00f3j w postaci paska o kraw\u0119dziach > 8 x 1,4 mm 1 + -0,2 mm. Wykorzystywane do produkcji sof ogrodowych, foteli, krzese\u0142 kokonowych, le\u017cak\u00f3w, r\u00f3\u017cnego rodzaju koszy, donic, designerskich ...","og_url":"http:\/\/aura-ltd.com.ua\/pl\/produkt\/sztuczne-rozmieszczenie-korony-szary\/","og_site_name":"Aura","og_image":[{"width":1600,"height":901,"url":"http:\/\/aura-ltd.com.ua\/wp-content\/uploads\/2021\/06\/siryj-korona.jpg","type":"image\/jpeg"}],"twitter_card":"summary","twitter_misc":{"Szacowany czas czytania":"1 minuta"},"schema":{"@context":"https:\/\/schema.org","@graph":[{"@type":"WebSite","@id":"http:\/\/aura-ltd.com.ua\/#website","url":"http:\/\/aura-ltd.com.ua\/","name":"Aura","description":"\u041f\u0440\u043e\u0441\u0442\u043e \u0449\u0435 \u043e\u0434\u0438\u043d \u0441\u0430\u0439\u0442 \u043d\u0430 WordPress","potentialAction":[{"@type":"SearchAction","target":{"@type":"EntryPoint","urlTemplate":"http:\/\/aura-ltd.com.ua\/?s={search_term_string}"},"query-input":"required name=search_term_string"}],"inLanguage":"pl-PL"},{"@type":"ImageObject","@id":"http:\/\/aura-ltd.com.ua\/pl\/produkt\/sztuczne-rozmieszczenie-korony-szary\/#primaryimage","inLanguage":"pl-PL","url":"http:\/\/aura-ltd.com.ua\/wp-content\/uploads\/2021\/06\/siryj-korona.jpg","contentUrl":"http:\/\/aura-ltd.com.ua\/wp-content\/uploads\/2021\/06\/siryj-korona.jpg","width":1600,"height":901},{"@type":"WebPage","@id":"http:\/\/aura-ltd.com.ua\/pl\/produkt\/sztuczne-rozmieszczenie-korony-szary\/#webpage","url":"http:\/\/aura-ltd.com.ua\/pl\/produkt\/sztuczne-rozmieszczenie-korony-szary\/","name":"SZTUCZNE ROZMIESZCZENIE \u201eKORONY\u201d SZARY - Aura","isPartOf":{"@id":"http:\/\/aura-ltd.com.ua\/#website"},"primaryImageOfPage":{"@id":"http:\/\/aura-ltd.com.ua\/pl\/produkt\/sztuczne-rozmieszczenie-korony-szary\/#primaryimage"},"datePublished":"2021-06-03T09:46:37+00:00","dateModified":"2021-06-03T09:46:37+00:00","breadcrumb":{"@id":"http:\/\/aura-ltd.com.ua\/pl\/produkt\/sztuczne-rozmieszczenie-korony-szary\/#breadcrumb"},"inLanguage":"pl-PL","potentialAction":[{"@type":"ReadAction","target":["http:\/\/aura-ltd.com.ua\/pl\/produkt\/sztuczne-rozmieszczenie-korony-szary\/"]}]},{"@type":"BreadcrumbList","@id":"http:\/\/aura-ltd.com.ua\/pl\/produkt\/sztuczne-rozmieszczenie-korony-szary\/#breadcrumb","itemListElement":[{"@type":"ListItem","position":1,"name":"Home","item":"http:\/\/aura-ltd.com.ua\/pl\/"},{"@type":"ListItem","position":2,"name":"Sklep","item":"http:\/\/aura-ltd.com.ua\/pl\/sklep\/"},{"@type":"ListItem","position":3,"name":"SZTUCZNE ROZMIESZCZENIE \u201eKORONY\u201d SZARY"}]}]}},"_links":{"self":[{"href":"http:\/\/aura-ltd.com.ua\/pl\/wp-json\/wp\/v2\/product\/1470\/"}],"collection":[{"href":"http:\/\/aura-ltd.com.ua\/pl\/wp-json\/wp\/v2\/product\/"}],"about":[{"href":"http:\/\/aura-ltd.com.ua\/pl\/wp-json\/wp\/v2\/types\/product\/"}],"replies":[{"embeddable":true,"href":"http:\/\/aura-ltd.com.ua\/pl\/wp-json\/wp\/v2\/comments\/?post=1470"}],"wp:featuredmedia":[{"embeddable":true,"href":"http:\/\/aura-ltd.com.ua\/pl\/wp-json\/wp\/v2\/media\/2281\/"}],"wp:attachment":[{"href":"http:\/\/aura-ltd.com.ua\/pl\/wp-json\/wp\/v2\/media\/?parent=1470"}],"wp:term":[{"taxonomy":"product_cat","embeddable":true,"href":"http:\/\/aura-ltd.com.ua\/pl\/wp-json\/wp\/v2\/product_cat\/?post=1470"},{"taxonomy":"product_tag","embeddable":true,"href":"http:\/\/aura-ltd.com.ua\/pl\/wp-json\/wp\/v2\/product_tag\/?post=1470"}],"curies":[{"name":"wp","href":"https:\/\/api.w.org\/{rel}","templated":true}]}}