{"id":1482,"date":"2021-07-19T16:33:21","date_gmt":"2021-07-19T12:33:21","guid":{"rendered":"http:\/\/aura.loc\/product\/sztuczny-rattan-okragly-kolor-kosc-sloniowa\/"},"modified":"2021-07-19T16:33:21","modified_gmt":"2021-07-19T12:33:21","slug":"sztuczny-rattan-okragly-kolor-kosc-sloniowa","status":"publish","type":"product","link":"http:\/\/aura-ltd.com.ua\/pl\/produkt\/sztuczny-rattan-okragly-kolor-kosc-sloniowa\/","title":{"rendered":"SZTUCZNY RATTAN OKR\u0104G\u0141Y KOLOR KO\u015a\u0106 S\u0141ONIOWA"},"content":{"rendered":"<p>Siekanie ko\u0142a o \u015brednicy 3 mm. 4mm 5mm. +-0.2mm. Vyhotovleni meble rattanowe sztuczne s\u0105 bardzo trwa\u0142e i odporne na warunki atmosferyczne, nie pali\u0107. Kolor w zasi\u0119gu, wybiera na kliencie. Jako\u015b\u0107 ukrai\u0144ski produkt evropeyskoyi<\/p>\n","protected":false},"excerpt":{"rendered":"<p>Siekanie ko\u0142a o \u015brednicy 3 mm. 4mm 5mm. +-0.2mm. Vyhotovleni meble rattanowe sztuczne s\u0105 bardzo trwa\u0142e i odporne na warunki atmosferyczne, nie pali\u0107. Kolor w zasi\u0119gu, wybiera na kliencie. Jako\u015b\u0107 &#8230;<\/p>\n","protected":false},"featured_media":2290,"comment_status":"open","ping_status":"closed","template":"","meta":[],"product_cat":[65],"product_tag":[],"acf":[],"yoast_head":"<!-- This site is optimized with the Yoast SEO plugin v17.7.1 - https:\/\/yoast.com\/wordpress\/plugins\/seo\/ -->\n<title>SZTUCZNY RATTAN OKR\u0104G\u0141Y KOLOR KO\u015a\u0106 S\u0141ONIOWA - Aura<\/title>\n<meta name=\"robots\" content=\"index, follow, max-snippet:-1, max-image-preview:large, max-video-preview:-1\" \/>\n<link rel=\"canonical\" href=\"http:\/\/aura-ltd.com.ua\/pl\/produkt\/sztuczny-rattan-okragly-kolor-kosc-sloniowa\/\" \/>\n<meta property=\"og:locale\" content=\"pl_PL\" \/>\n<meta property=\"og:type\" content=\"article\" \/>\n<meta property=\"og:title\" content=\"SZTUCZNY RATTAN OKR\u0104G\u0141Y KOLOR KO\u015a\u0106 S\u0141ONIOWA - Aura\" \/>\n<meta property=\"og:description\" content=\"Siekanie ko\u0142a o \u015brednicy 3 mm. 4mm 5mm. +-0.2mm. Vyhotovleni meble rattanowe sztuczne s\u0105 bardzo trwa\u0142e i odporne na warunki atmosferyczne, nie pali\u0107. Kolor w zasi\u0119gu, wybiera na kliencie. Jako\u015b\u0107 ...\" \/>\n<meta property=\"og:url\" content=\"http:\/\/aura-ltd.com.ua\/pl\/produkt\/sztuczny-rattan-okragly-kolor-kosc-sloniowa\/\" \/>\n<meta property=\"og:site_name\" content=\"Aura\" \/>\n<meta property=\"og:image\" content=\"http:\/\/aura-ltd.com.ua\/wp-content\/uploads\/2021\/07\/slonova-kistka-krug.jpg\" \/>\n\t<meta property=\"og:image:width\" content=\"720\" \/>\n\t<meta property=\"og:image:height\" content=\"1199\" \/>\n<meta name=\"twitter:card\" content=\"summary\" \/>\n<script type=\"application\/ld+json\" class=\"yoast-schema-graph\">{\"@context\":\"https:\/\/schema.org\",\"@graph\":[{\"@type\":\"WebSite\",\"@id\":\"http:\/\/aura-ltd.com.ua\/#website\",\"url\":\"http:\/\/aura-ltd.com.ua\/\",\"name\":\"Aura\",\"description\":\"\\u041f\\u0440\\u043e\\u0441\\u0442\\u043e \\u0449\\u0435 \\u043e\\u0434\\u0438\\u043d \\u0441\\u0430\\u0439\\u0442 \\u043d\\u0430 WordPress\",\"potentialAction\":[{\"@type\":\"SearchAction\",\"target\":{\"@type\":\"EntryPoint\",\"urlTemplate\":\"http:\/\/aura-ltd.com.ua\/?s={search_term_string}\"},\"query-input\":\"required name=search_term_string\"}],\"inLanguage\":\"pl-PL\"},{\"@type\":\"ImageObject\",\"@id\":\"http:\/\/aura-ltd.com.ua\/pl\/produkt\/sztuczny-rattan-okragly-kolor-kosc-sloniowa\/#primaryimage\",\"inLanguage\":\"pl-PL\",\"url\":\"http:\/\/aura-ltd.com.ua\/wp-content\/uploads\/2021\/07\/slonova-kistka-krug.jpg\",\"contentUrl\":\"http:\/\/aura-ltd.com.ua\/wp-content\/uploads\/2021\/07\/slonova-kistka-krug.jpg\",\"width\":720,\"height\":1199},{\"@type\":\"WebPage\",\"@id\":\"http:\/\/aura-ltd.com.ua\/pl\/produkt\/sztuczny-rattan-okragly-kolor-kosc-sloniowa\/#webpage\",\"url\":\"http:\/\/aura-ltd.com.ua\/pl\/produkt\/sztuczny-rattan-okragly-kolor-kosc-sloniowa\/\",\"name\":\"SZTUCZNY RATTAN OKR\\u0104G\\u0141Y KOLOR KO\\u015a\\u0106 S\\u0141ONIOWA - Aura\",\"isPartOf\":{\"@id\":\"http:\/\/aura-ltd.com.ua\/#website\"},\"primaryImageOfPage\":{\"@id\":\"http:\/\/aura-ltd.com.ua\/pl\/produkt\/sztuczny-rattan-okragly-kolor-kosc-sloniowa\/#primaryimage\"},\"datePublished\":\"2021-07-19T12:33:21+00:00\",\"dateModified\":\"2021-07-19T12:33:21+00:00\",\"breadcrumb\":{\"@id\":\"http:\/\/aura-ltd.com.ua\/pl\/produkt\/sztuczny-rattan-okragly-kolor-kosc-sloniowa\/#breadcrumb\"},\"inLanguage\":\"pl-PL\",\"potentialAction\":[{\"@type\":\"ReadAction\",\"target\":[\"http:\/\/aura-ltd.com.ua\/pl\/produkt\/sztuczny-rattan-okragly-kolor-kosc-sloniowa\/\"]}]},{\"@type\":\"BreadcrumbList\",\"@id\":\"http:\/\/aura-ltd.com.ua\/pl\/produkt\/sztuczny-rattan-okragly-kolor-kosc-sloniowa\/#breadcrumb\",\"itemListElement\":[{\"@type\":\"ListItem\",\"position\":1,\"name\":\"Home\",\"item\":\"http:\/\/aura-ltd.com.ua\/pl\/\"},{\"@type\":\"ListItem\",\"position\":2,\"name\":\"Sklep\",\"item\":\"http:\/\/aura-ltd.com.ua\/pl\/sklep\/\"},{\"@type\":\"ListItem\",\"position\":3,\"name\":\"SZTUCZNY RATTAN OKR\\u0104G\\u0141Y KOLOR KO\\u015a\\u0106 S\\u0141ONIOWA\"}]}]}<\/script>\n<!-- \/ Yoast SEO plugin. -->","yoast_head_json":{"title":"SZTUCZNY RATTAN OKR\u0104G\u0141Y KOLOR KO\u015a\u0106 S\u0141ONIOWA - Aura","robots":{"index":"index","follow":"follow","max-snippet":"max-snippet:-1","max-image-preview":"max-image-preview:large","max-video-preview":"max-video-preview:-1"},"canonical":"http:\/\/aura-ltd.com.ua\/pl\/produkt\/sztuczny-rattan-okragly-kolor-kosc-sloniowa\/","og_locale":"pl_PL","og_type":"article","og_title":"SZTUCZNY RATTAN OKR\u0104G\u0141Y KOLOR KO\u015a\u0106 S\u0141ONIOWA - Aura","og_description":"Siekanie ko\u0142a o \u015brednicy 3 mm. 4mm 5mm. +-0.2mm. Vyhotovleni meble rattanowe sztuczne s\u0105 bardzo trwa\u0142e i odporne na warunki atmosferyczne, nie pali\u0107. Kolor w zasi\u0119gu, wybiera na kliencie. Jako\u015b\u0107 ...","og_url":"http:\/\/aura-ltd.com.ua\/pl\/produkt\/sztuczny-rattan-okragly-kolor-kosc-sloniowa\/","og_site_name":"Aura","og_image":[{"width":720,"height":1199,"url":"http:\/\/aura-ltd.com.ua\/wp-content\/uploads\/2021\/07\/slonova-kistka-krug.jpg","type":"image\/jpeg"}],"twitter_card":"summary","schema":{"@context":"https:\/\/schema.org","@graph":[{"@type":"WebSite","@id":"http:\/\/aura-ltd.com.ua\/#website","url":"http:\/\/aura-ltd.com.ua\/","name":"Aura","description":"\u041f\u0440\u043e\u0441\u0442\u043e \u0449\u0435 \u043e\u0434\u0438\u043d \u0441\u0430\u0439\u0442 \u043d\u0430 WordPress","potentialAction":[{"@type":"SearchAction","target":{"@type":"EntryPoint","urlTemplate":"http:\/\/aura-ltd.com.ua\/?s={search_term_string}"},"query-input":"required name=search_term_string"}],"inLanguage":"pl-PL"},{"@type":"ImageObject","@id":"http:\/\/aura-ltd.com.ua\/pl\/produkt\/sztuczny-rattan-okragly-kolor-kosc-sloniowa\/#primaryimage","inLanguage":"pl-PL","url":"http:\/\/aura-ltd.com.ua\/wp-content\/uploads\/2021\/07\/slonova-kistka-krug.jpg","contentUrl":"http:\/\/aura-ltd.com.ua\/wp-content\/uploads\/2021\/07\/slonova-kistka-krug.jpg","width":720,"height":1199},{"@type":"WebPage","@id":"http:\/\/aura-ltd.com.ua\/pl\/produkt\/sztuczny-rattan-okragly-kolor-kosc-sloniowa\/#webpage","url":"http:\/\/aura-ltd.com.ua\/pl\/produkt\/sztuczny-rattan-okragly-kolor-kosc-sloniowa\/","name":"SZTUCZNY RATTAN OKR\u0104G\u0141Y KOLOR KO\u015a\u0106 S\u0141ONIOWA - Aura","isPartOf":{"@id":"http:\/\/aura-ltd.com.ua\/#website"},"primaryImageOfPage":{"@id":"http:\/\/aura-ltd.com.ua\/pl\/produkt\/sztuczny-rattan-okragly-kolor-kosc-sloniowa\/#primaryimage"},"datePublished":"2021-07-19T12:33:21+00:00","dateModified":"2021-07-19T12:33:21+00:00","breadcrumb":{"@id":"http:\/\/aura-ltd.com.ua\/pl\/produkt\/sztuczny-rattan-okragly-kolor-kosc-sloniowa\/#breadcrumb"},"inLanguage":"pl-PL","potentialAction":[{"@type":"ReadAction","target":["http:\/\/aura-ltd.com.ua\/pl\/produkt\/sztuczny-rattan-okragly-kolor-kosc-sloniowa\/"]}]},{"@type":"BreadcrumbList","@id":"http:\/\/aura-ltd.com.ua\/pl\/produkt\/sztuczny-rattan-okragly-kolor-kosc-sloniowa\/#breadcrumb","itemListElement":[{"@type":"ListItem","position":1,"name":"Home","item":"http:\/\/aura-ltd.com.ua\/pl\/"},{"@type":"ListItem","position":2,"name":"Sklep","item":"http:\/\/aura-ltd.com.ua\/pl\/sklep\/"},{"@type":"ListItem","position":3,"name":"SZTUCZNY RATTAN OKR\u0104G\u0141Y KOLOR KO\u015a\u0106 S\u0141ONIOWA"}]}]}},"_links":{"self":[{"href":"http:\/\/aura-ltd.com.ua\/pl\/wp-json\/wp\/v2\/product\/1482\/"}],"collection":[{"href":"http:\/\/aura-ltd.com.ua\/pl\/wp-json\/wp\/v2\/product\/"}],"about":[{"href":"http:\/\/aura-ltd.com.ua\/pl\/wp-json\/wp\/v2\/types\/product\/"}],"replies":[{"embeddable":true,"href":"http:\/\/aura-ltd.com.ua\/pl\/wp-json\/wp\/v2\/comments\/?post=1482"}],"wp:featuredmedia":[{"embeddable":true,"href":"http:\/\/aura-ltd.com.ua\/pl\/wp-json\/wp\/v2\/media\/2290\/"}],"wp:attachment":[{"href":"http:\/\/aura-ltd.com.ua\/pl\/wp-json\/wp\/v2\/media\/?parent=1482"}],"wp:term":[{"taxonomy":"product_cat","embeddable":true,"href":"http:\/\/aura-ltd.com.ua\/pl\/wp-json\/wp\/v2\/product_cat\/?post=1482"},{"taxonomy":"product_tag","embeddable":true,"href":"http:\/\/aura-ltd.com.ua\/pl\/wp-json\/wp\/v2\/product_tag\/?post=1482"}],"curies":[{"name":"wp","href":"https:\/\/api.w.org\/{rel}","templated":true}]}}