{"id":1510,"date":"2021-09-16T12:38:26","date_gmt":"2021-09-16T08:38:26","guid":{"rendered":"http:\/\/aura.loc\/product\/sztuczna-ratton-tuba-4mm-szara-600-uah-zatoka-5kg-200g-w-prezencie\/"},"modified":"2021-09-16T12:38:26","modified_gmt":"2021-09-16T08:38:26","slug":"sztuczna-ratton-tuba-4mm-szara-600-uah-zatoka-5kg-200g-w-prezencie","status":"publish","type":"product","link":"http:\/\/aura-ltd.com.ua\/pl\/produkt\/sztuczna-ratton-tuba-4mm-szara-600-uah-zatoka-5kg-200g-w-prezencie\/","title":{"rendered":"SZTUCZNA RATTON TUBA 4mm SZARA 600 UAH zatoka 5kg + 200g w prezencie"},"content":{"rendered":"<p>&#8211; przekr\u00f3j w postaci rurki o \u015brednicy 4 mm + -0,2 mm &#8211; nadaje si\u0119 zar\u00f3wno do wyplatania doniczek, aba\u017cur\u00f3w i innych drobnych wyrob\u00f3w jak i do wyplatania kokon\u00f3w<br \/>\n-zatoka 5 kg + 200g w prezencie w ka\u017cdej zatoce<br \/>\n-szary kolor<br \/>\n-630 m w zatoce<br \/>\n-wysokiej jako\u015bci surowce pierwotne -gwarantuje d\u0142ug\u0105 \u017cywotno\u015b\u0107 i identyczno\u015b\u0107 kolor\u00f3w<br \/>\n-cena 120 UAH\/kg -istnieje migracja cen w zale\u017cno\u015bci od ilo\u015bci zakup\u00f3w<br \/>\n-sprzeda\u017c od 1 zatoki<br \/>\n-gwarancja 12 miesi\u0119cy<br \/>\n-wysy\u0142ka w dniu zam\u00f3wienia<\/p>\n<p>Meble wykonane ze sztucznego rattanu wyr\u00f3\u017cniaj\u0105 si\u0119 du\u017c\u0105 trwa\u0142o\u015bci\u0105 i odporno\u015bci\u0105 na wp\u0142ywy atmosferyczne, nie wypalaj\u0105 si\u0119.<br \/>\nUkrai\u0144ski towar o europejskiej jako\u015bci!<\/p>\n","protected":false},"excerpt":{"rendered":"<p>&#8211; przekr\u00f3j w postaci rurki o \u015brednicy 4 mm + -0,2 mm &#8211; nadaje si\u0119 zar\u00f3wno do wyplatania doniczek, aba\u017cur\u00f3w i innych drobnych wyrob\u00f3w jak i do wyplatania kokon\u00f3w -zatoka &#8230;<\/p>\n","protected":false},"featured_media":2317,"comment_status":"open","ping_status":"closed","template":"","meta":[],"product_cat":[65],"product_tag":[],"acf":[],"yoast_head":"<!-- This site is optimized with the Yoast SEO plugin v17.7.1 - https:\/\/yoast.com\/wordpress\/plugins\/seo\/ -->\n<title>SZTUCZNA RATTON TUBA 4mm SZARA 600 UAH zatoka 5kg + 200g w prezencie - Aura<\/title>\n<meta name=\"robots\" content=\"index, follow, max-snippet:-1, max-image-preview:large, max-video-preview:-1\" \/>\n<link rel=\"canonical\" href=\"http:\/\/aura-ltd.com.ua\/pl\/produkt\/sztuczna-ratton-tuba-4mm-szara-600-uah-zatoka-5kg-200g-w-prezencie\/\" \/>\n<meta property=\"og:locale\" content=\"pl_PL\" \/>\n<meta property=\"og:type\" content=\"article\" \/>\n<meta property=\"og:title\" content=\"SZTUCZNA RATTON TUBA 4mm SZARA 600 UAH zatoka 5kg + 200g w prezencie - Aura\" \/>\n<meta property=\"og:description\" content=\"&#8211; przekr\u00f3j w postaci rurki o \u015brednicy 4 mm + -0,2 mm &#8211; nadaje si\u0119 zar\u00f3wno do wyplatania doniczek, aba\u017cur\u00f3w i innych drobnych wyrob\u00f3w jak i do wyplatania kokon\u00f3w -zatoka ...\" \/>\n<meta property=\"og:url\" content=\"http:\/\/aura-ltd.com.ua\/pl\/produkt\/sztuczna-ratton-tuba-4mm-szara-600-uah-zatoka-5kg-200g-w-prezencie\/\" \/>\n<meta property=\"og:site_name\" content=\"Aura\" \/>\n<meta property=\"og:image\" content=\"http:\/\/aura-ltd.com.ua\/wp-content\/uploads\/2021\/09\/trubka-sira.jpg\" \/>\n\t<meta property=\"og:image:width\" content=\"720\" \/>\n\t<meta property=\"og:image:height\" content=\"1600\" \/>\n<meta name=\"twitter:card\" content=\"summary\" \/>\n<meta name=\"twitter:label1\" content=\"Szacowany czas czytania\" \/>\n\t<meta name=\"twitter:data1\" content=\"1 minuta\" \/>\n<script type=\"application\/ld+json\" class=\"yoast-schema-graph\">{\"@context\":\"https:\/\/schema.org\",\"@graph\":[{\"@type\":\"WebSite\",\"@id\":\"http:\/\/aura-ltd.com.ua\/#website\",\"url\":\"http:\/\/aura-ltd.com.ua\/\",\"name\":\"Aura\",\"description\":\"\\u041f\\u0440\\u043e\\u0441\\u0442\\u043e \\u0449\\u0435 \\u043e\\u0434\\u0438\\u043d \\u0441\\u0430\\u0439\\u0442 \\u043d\\u0430 WordPress\",\"potentialAction\":[{\"@type\":\"SearchAction\",\"target\":{\"@type\":\"EntryPoint\",\"urlTemplate\":\"http:\/\/aura-ltd.com.ua\/?s={search_term_string}\"},\"query-input\":\"required name=search_term_string\"}],\"inLanguage\":\"pl-PL\"},{\"@type\":\"ImageObject\",\"@id\":\"http:\/\/aura-ltd.com.ua\/pl\/produkt\/sztuczna-ratton-tuba-4mm-szara-600-uah-zatoka-5kg-200g-w-prezencie\/#primaryimage\",\"inLanguage\":\"pl-PL\",\"url\":\"http:\/\/aura-ltd.com.ua\/wp-content\/uploads\/2021\/09\/trubka-sira.jpg\",\"contentUrl\":\"http:\/\/aura-ltd.com.ua\/wp-content\/uploads\/2021\/09\/trubka-sira.jpg\",\"width\":720,\"height\":1600},{\"@type\":\"WebPage\",\"@id\":\"http:\/\/aura-ltd.com.ua\/pl\/produkt\/sztuczna-ratton-tuba-4mm-szara-600-uah-zatoka-5kg-200g-w-prezencie\/#webpage\",\"url\":\"http:\/\/aura-ltd.com.ua\/pl\/produkt\/sztuczna-ratton-tuba-4mm-szara-600-uah-zatoka-5kg-200g-w-prezencie\/\",\"name\":\"SZTUCZNA RATTON TUBA 4mm SZARA 600 UAH zatoka 5kg + 200g w prezencie - Aura\",\"isPartOf\":{\"@id\":\"http:\/\/aura-ltd.com.ua\/#website\"},\"primaryImageOfPage\":{\"@id\":\"http:\/\/aura-ltd.com.ua\/pl\/produkt\/sztuczna-ratton-tuba-4mm-szara-600-uah-zatoka-5kg-200g-w-prezencie\/#primaryimage\"},\"datePublished\":\"2021-09-16T08:38:26+00:00\",\"dateModified\":\"2021-09-16T08:38:26+00:00\",\"breadcrumb\":{\"@id\":\"http:\/\/aura-ltd.com.ua\/pl\/produkt\/sztuczna-ratton-tuba-4mm-szara-600-uah-zatoka-5kg-200g-w-prezencie\/#breadcrumb\"},\"inLanguage\":\"pl-PL\",\"potentialAction\":[{\"@type\":\"ReadAction\",\"target\":[\"http:\/\/aura-ltd.com.ua\/pl\/produkt\/sztuczna-ratton-tuba-4mm-szara-600-uah-zatoka-5kg-200g-w-prezencie\/\"]}]},{\"@type\":\"BreadcrumbList\",\"@id\":\"http:\/\/aura-ltd.com.ua\/pl\/produkt\/sztuczna-ratton-tuba-4mm-szara-600-uah-zatoka-5kg-200g-w-prezencie\/#breadcrumb\",\"itemListElement\":[{\"@type\":\"ListItem\",\"position\":1,\"name\":\"Home\",\"item\":\"http:\/\/aura-ltd.com.ua\/pl\/\"},{\"@type\":\"ListItem\",\"position\":2,\"name\":\"Sklep\",\"item\":\"http:\/\/aura-ltd.com.ua\/pl\/sklep\/\"},{\"@type\":\"ListItem\",\"position\":3,\"name\":\"SZTUCZNA RATTON TUBA 4mm SZARA 600 UAH zatoka 5kg + 200g w prezencie\"}]}]}<\/script>\n<!-- \/ Yoast SEO plugin. -->","yoast_head_json":{"title":"SZTUCZNA RATTON TUBA 4mm SZARA 600 UAH zatoka 5kg + 200g w prezencie - Aura","robots":{"index":"index","follow":"follow","max-snippet":"max-snippet:-1","max-image-preview":"max-image-preview:large","max-video-preview":"max-video-preview:-1"},"canonical":"http:\/\/aura-ltd.com.ua\/pl\/produkt\/sztuczna-ratton-tuba-4mm-szara-600-uah-zatoka-5kg-200g-w-prezencie\/","og_locale":"pl_PL","og_type":"article","og_title":"SZTUCZNA RATTON TUBA 4mm SZARA 600 UAH zatoka 5kg + 200g w prezencie - Aura","og_description":"&#8211; przekr\u00f3j w postaci rurki o \u015brednicy 4 mm + -0,2 mm &#8211; nadaje si\u0119 zar\u00f3wno do wyplatania doniczek, aba\u017cur\u00f3w i innych drobnych wyrob\u00f3w jak i do wyplatania kokon\u00f3w -zatoka ...","og_url":"http:\/\/aura-ltd.com.ua\/pl\/produkt\/sztuczna-ratton-tuba-4mm-szara-600-uah-zatoka-5kg-200g-w-prezencie\/","og_site_name":"Aura","og_image":[{"width":720,"height":1600,"url":"http:\/\/aura-ltd.com.ua\/wp-content\/uploads\/2021\/09\/trubka-sira.jpg","type":"image\/jpeg"}],"twitter_card":"summary","twitter_misc":{"Szacowany czas czytania":"1 minuta"},"schema":{"@context":"https:\/\/schema.org","@graph":[{"@type":"WebSite","@id":"http:\/\/aura-ltd.com.ua\/#website","url":"http:\/\/aura-ltd.com.ua\/","name":"Aura","description":"\u041f\u0440\u043e\u0441\u0442\u043e \u0449\u0435 \u043e\u0434\u0438\u043d \u0441\u0430\u0439\u0442 \u043d\u0430 WordPress","potentialAction":[{"@type":"SearchAction","target":{"@type":"EntryPoint","urlTemplate":"http:\/\/aura-ltd.com.ua\/?s={search_term_string}"},"query-input":"required name=search_term_string"}],"inLanguage":"pl-PL"},{"@type":"ImageObject","@id":"http:\/\/aura-ltd.com.ua\/pl\/produkt\/sztuczna-ratton-tuba-4mm-szara-600-uah-zatoka-5kg-200g-w-prezencie\/#primaryimage","inLanguage":"pl-PL","url":"http:\/\/aura-ltd.com.ua\/wp-content\/uploads\/2021\/09\/trubka-sira.jpg","contentUrl":"http:\/\/aura-ltd.com.ua\/wp-content\/uploads\/2021\/09\/trubka-sira.jpg","width":720,"height":1600},{"@type":"WebPage","@id":"http:\/\/aura-ltd.com.ua\/pl\/produkt\/sztuczna-ratton-tuba-4mm-szara-600-uah-zatoka-5kg-200g-w-prezencie\/#webpage","url":"http:\/\/aura-ltd.com.ua\/pl\/produkt\/sztuczna-ratton-tuba-4mm-szara-600-uah-zatoka-5kg-200g-w-prezencie\/","name":"SZTUCZNA RATTON TUBA 4mm SZARA 600 UAH zatoka 5kg + 200g w prezencie - Aura","isPartOf":{"@id":"http:\/\/aura-ltd.com.ua\/#website"},"primaryImageOfPage":{"@id":"http:\/\/aura-ltd.com.ua\/pl\/produkt\/sztuczna-ratton-tuba-4mm-szara-600-uah-zatoka-5kg-200g-w-prezencie\/#primaryimage"},"datePublished":"2021-09-16T08:38:26+00:00","dateModified":"2021-09-16T08:38:26+00:00","breadcrumb":{"@id":"http:\/\/aura-ltd.com.ua\/pl\/produkt\/sztuczna-ratton-tuba-4mm-szara-600-uah-zatoka-5kg-200g-w-prezencie\/#breadcrumb"},"inLanguage":"pl-PL","potentialAction":[{"@type":"ReadAction","target":["http:\/\/aura-ltd.com.ua\/pl\/produkt\/sztuczna-ratton-tuba-4mm-szara-600-uah-zatoka-5kg-200g-w-prezencie\/"]}]},{"@type":"BreadcrumbList","@id":"http:\/\/aura-ltd.com.ua\/pl\/produkt\/sztuczna-ratton-tuba-4mm-szara-600-uah-zatoka-5kg-200g-w-prezencie\/#breadcrumb","itemListElement":[{"@type":"ListItem","position":1,"name":"Home","item":"http:\/\/aura-ltd.com.ua\/pl\/"},{"@type":"ListItem","position":2,"name":"Sklep","item":"http:\/\/aura-ltd.com.ua\/pl\/sklep\/"},{"@type":"ListItem","position":3,"name":"SZTUCZNA RATTON TUBA 4mm SZARA 600 UAH zatoka 5kg + 200g w prezencie"}]}]}},"_links":{"self":[{"href":"http:\/\/aura-ltd.com.ua\/pl\/wp-json\/wp\/v2\/product\/1510\/"}],"collection":[{"href":"http:\/\/aura-ltd.com.ua\/pl\/wp-json\/wp\/v2\/product\/"}],"about":[{"href":"http:\/\/aura-ltd.com.ua\/pl\/wp-json\/wp\/v2\/types\/product\/"}],"replies":[{"embeddable":true,"href":"http:\/\/aura-ltd.com.ua\/pl\/wp-json\/wp\/v2\/comments\/?post=1510"}],"wp:featuredmedia":[{"embeddable":true,"href":"http:\/\/aura-ltd.com.ua\/pl\/wp-json\/wp\/v2\/media\/2317\/"}],"wp:attachment":[{"href":"http:\/\/aura-ltd.com.ua\/pl\/wp-json\/wp\/v2\/media\/?parent=1510"}],"wp:term":[{"taxonomy":"product_cat","embeddable":true,"href":"http:\/\/aura-ltd.com.ua\/pl\/wp-json\/wp\/v2\/product_cat\/?post=1510"},{"taxonomy":"product_tag","embeddable":true,"href":"http:\/\/aura-ltd.com.ua\/pl\/wp-json\/wp\/v2\/product_tag\/?post=1510"}],"curies":[{"name":"wp","href":"https:\/\/api.w.org\/{rel}","templated":true}]}}